{"id":30727,"date":"2023-12-07T16:22:38","date_gmt":"2023-12-07T16:22:38","guid":{"rendered":"https:\/\/unitedliving.co.uk\/phoenix\/?page_id=30727"},"modified":"2025-07-29T12:08:25","modified_gmt":"2025-07-29T11:08:25","slug":"cac-nghien-cuu-dien-hinh","status":"publish","type":"page","link":"https:\/\/unitedinfrastructure-phoenix.com\/vi\/cac-nghien-cuu-dien-hinh\/","title":{"rendered":"C\u00e1c nghi\u00ean c\u1ee9u \u0111i\u1ec3n h\u00ecnh"},"content":{"rendered":"","protected":false},"excerpt":{"rendered":"","protected":false},"author":1,"featured_media":0,"parent":0,"menu_order":0,"comment_status":"closed","ping_status":"closed","template":"","meta":{"_acf_changed":false,"inline_featured_image":false,"footnotes":""},"folder":[],"class_list":["post-30727","page","type-page","status-publish","hentry"],"acf":[],"yoast_head":"<!-- This site is optimized with the Yoast SEO plugin v27.2 - https:\/\/yoast.com\/product\/yoast-seo-wordpress\/ -->\n<title>Nghi\u00ean c\u1ee9u \u0111i\u1ec3n h\u00ecnh | Ch\u00fang t\u00f4i l\u00e0m g\u00ec - Trung t\u00e2m c\u01b0 tr\u00fa SNG<\/title>\n<meta name=\"description\" content=\"Kh\u00e1m ph\u00e1 c\u00e1ch ch\u00fang t\u00f4i c\u1ea3i t\u1ea1o nh\u00e0 \u1edf th\u00f4ng qua nhi\u1ec1u nghi\u00ean c\u1ee9u \u0111i\u1ec3n h\u00ecnh gi\u1edbi thi\u1ec7u c\u00e1c d\u1ef1 \u00e1n v\u00e0 d\u1ecbch v\u1ee5 c\u00f3 t\u00e1c \u0111\u1ed9ng c\u1ee7a ch\u00fang t\u00f4i.\" \/>\n<meta name=\"robots\" content=\"index, follow, max-snippet:-1, max-image-preview:large, max-video-preview:-1\" \/>\n<link rel=\"canonical\" href=\"https:\/\/unitedinfrastructure-phoenix.com\/vi\/cac-nghien-cuu-dien-hinh\/\" \/>\n<meta property=\"og:locale\" content=\"vi_VN\" \/>\n<meta property=\"og:type\" content=\"article\" \/>\n<meta property=\"og:title\" content=\"Nghi\u00ean c\u1ee9u \u0111i\u1ec3n h\u00ecnh | Ch\u00fang t\u00f4i l\u00e0m g\u00ec - Trung t\u00e2m c\u01b0 tr\u00fa SNG\" \/>\n<meta property=\"og:description\" content=\"Kh\u00e1m ph\u00e1 c\u00e1ch ch\u00fang t\u00f4i c\u1ea3i t\u1ea1o nh\u00e0 \u1edf th\u00f4ng qua nhi\u1ec1u nghi\u00ean c\u1ee9u \u0111i\u1ec3n h\u00ecnh gi\u1edbi thi\u1ec7u c\u00e1c d\u1ef1 \u00e1n v\u00e0 d\u1ecbch v\u1ee5 c\u00f3 t\u00e1c \u0111\u1ed9ng c\u1ee7a ch\u00fang t\u00f4i.\" \/>\n<meta property=\"og:url\" content=\"https:\/\/unitedinfrastructure-phoenix.com\/vi\/cac-nghien-cuu-dien-hinh\/\" \/>\n<meta property=\"og:site_name\" content=\"Phoenix\" \/>\n<meta property=\"article:modified_time\" content=\"2025-07-29T11:08:25+00:00\" \/>\n<meta name=\"twitter:card\" content=\"summary_large_image\" \/>\n<script type=\"application\/ld+json\" class=\"yoast-schema-graph\">{\"@context\":\"https:\/\/schema.org\",\"@graph\":[{\"@type\":\"WebPage\",\"@id\":\"https:\/\/unitedinfrastructure-phoenix.com\/vi\/cac-nghien-cuu-dien-hinh\/\",\"url\":\"https:\/\/unitedinfrastructure-phoenix.com\/vi\/cac-nghien-cuu-dien-hinh\/\",\"name\":\"Nghi\u00ean c\u1ee9u \u0111i\u1ec3n h\u00ecnh | Ch\u00fang t\u00f4i l\u00e0m g\u00ec - Trung t\u00e2m c\u01b0 tr\u00fa SNG\",\"isPartOf\":{\"@id\":\"https:\/\/unitedinfrastructure-phoenix.com\/vi\/#website\"},\"datePublished\":\"2023-12-07T16:22:38+00:00\",\"dateModified\":\"2025-07-29T11:08:25+00:00\",\"description\":\"Kh\u00e1m ph\u00e1 c\u00e1ch ch\u00fang t\u00f4i c\u1ea3i t\u1ea1o nh\u00e0 \u1edf th\u00f4ng qua nhi\u1ec1u nghi\u00ean c\u1ee9u \u0111i\u1ec3n h\u00ecnh gi\u1edbi thi\u1ec7u c\u00e1c d\u1ef1 \u00e1n v\u00e0 d\u1ecbch v\u1ee5 c\u00f3 t\u00e1c \u0111\u1ed9ng c\u1ee7a ch\u00fang t\u00f4i.\",\"breadcrumb\":{\"@id\":\"https:\/\/unitedinfrastructure-phoenix.com\/vi\/cac-nghien-cuu-dien-hinh\/#breadcrumb\"},\"inLanguage\":\"vi-VN\",\"potentialAction\":[{\"@type\":\"ReadAction\",\"target\":[\"https:\/\/unitedinfrastructure-phoenix.com\/vi\/cac-nghien-cuu-dien-hinh\/\"]}]},{\"@type\":\"BreadcrumbList\",\"@id\":\"https:\/\/unitedinfrastructure-phoenix.com\/vi\/cac-nghien-cuu-dien-hinh\/#breadcrumb\",\"itemListElement\":[{\"@type\":\"ListItem\",\"position\":1,\"name\":\"Home\",\"item\":\"https:\/\/unitedinfrastructure-phoenix.com\/vi\/\"},{\"@type\":\"ListItem\",\"position\":2,\"name\":\"C\u00e1c nghi\u00ean c\u1ee9u \u0111i\u1ec3n h\u00ecnh\"}]},{\"@type\":\"WebSite\",\"@id\":\"https:\/\/unitedinfrastructure-phoenix.com\/vi\/#website\",\"url\":\"https:\/\/unitedinfrastructure-phoenix.com\/vi\/\",\"name\":\"Phoenix\",\"description\":\"Creating a connected, sustainable future\",\"publisher\":{\"@id\":\"https:\/\/unitedinfrastructure-phoenix.com\/vi\/#organization\"},\"potentialAction\":[{\"@type\":\"SearchAction\",\"target\":{\"@type\":\"EntryPoint\",\"urlTemplate\":\"https:\/\/unitedinfrastructure-phoenix.com\/vi\/?s={search_term_string}\"},\"query-input\":{\"@type\":\"PropertyValueSpecification\",\"valueRequired\":true,\"valueName\":\"search_term_string\"}}],\"inLanguage\":\"vi-VN\"},{\"@type\":\"Organization\",\"@id\":\"https:\/\/unitedinfrastructure-phoenix.com\/vi\/#organization\",\"name\":\"Phoenix\",\"url\":\"https:\/\/unitedinfrastructure-phoenix.com\/vi\/\",\"logo\":{\"@type\":\"ImageObject\",\"inLanguage\":\"vi-VN\",\"@id\":\"https:\/\/unitedinfrastructure-phoenix.com\/vi\/#\/schema\/logo\/image\/\",\"url\":\"https:\/\/unitedinfrastructure-phoenix.com\/wp-content\/uploads\/sites\/9\/2025\/11\/cropped-ul-phoenix.png\",\"contentUrl\":\"https:\/\/unitedinfrastructure-phoenix.com\/wp-content\/uploads\/sites\/9\/2025\/11\/cropped-ul-phoenix.png\",\"width\":1246,\"height\":236,\"caption\":\"Phoenix\"},\"image\":{\"@id\":\"https:\/\/unitedinfrastructure-phoenix.com\/vi\/#\/schema\/logo\/image\/\"}}]}<\/script>\n<!-- \/ Yoast SEO plugin. -->","yoast_head_json":{"title":"Nghi\u00ean c\u1ee9u \u0111i\u1ec3n h\u00ecnh | Ch\u00fang t\u00f4i l\u00e0m g\u00ec - Trung t\u00e2m c\u01b0 tr\u00fa SNG","description":"Kh\u00e1m ph\u00e1 c\u00e1ch ch\u00fang t\u00f4i c\u1ea3i t\u1ea1o nh\u00e0 \u1edf th\u00f4ng qua nhi\u1ec1u nghi\u00ean c\u1ee9u \u0111i\u1ec3n h\u00ecnh gi\u1edbi thi\u1ec7u c\u00e1c d\u1ef1 \u00e1n v\u00e0 d\u1ecbch v\u1ee5 c\u00f3 t\u00e1c \u0111\u1ed9ng c\u1ee7a ch\u00fang t\u00f4i.","robots":{"index":"index","follow":"follow","max-snippet":"max-snippet:-1","max-image-preview":"max-image-preview:large","max-video-preview":"max-video-preview:-1"},"canonical":"https:\/\/unitedinfrastructure-phoenix.com\/vi\/cac-nghien-cuu-dien-hinh\/","og_locale":"vi_VN","og_type":"article","og_title":"Nghi\u00ean c\u1ee9u \u0111i\u1ec3n h\u00ecnh | Ch\u00fang t\u00f4i l\u00e0m g\u00ec - Trung t\u00e2m c\u01b0 tr\u00fa SNG","og_description":"Kh\u00e1m ph\u00e1 c\u00e1ch ch\u00fang t\u00f4i c\u1ea3i t\u1ea1o nh\u00e0 \u1edf th\u00f4ng qua nhi\u1ec1u nghi\u00ean c\u1ee9u \u0111i\u1ec3n h\u00ecnh gi\u1edbi thi\u1ec7u c\u00e1c d\u1ef1 \u00e1n v\u00e0 d\u1ecbch v\u1ee5 c\u00f3 t\u00e1c \u0111\u1ed9ng c\u1ee7a ch\u00fang t\u00f4i.","og_url":"https:\/\/unitedinfrastructure-phoenix.com\/vi\/cac-nghien-cuu-dien-hinh\/","og_site_name":"Phoenix","article_modified_time":"2025-07-29T11:08:25+00:00","twitter_card":"summary_large_image","schema":{"@context":"https:\/\/schema.org","@graph":[{"@type":"WebPage","@id":"https:\/\/unitedinfrastructure-phoenix.com\/vi\/cac-nghien-cuu-dien-hinh\/","url":"https:\/\/unitedinfrastructure-phoenix.com\/vi\/cac-nghien-cuu-dien-hinh\/","name":"Nghi\u00ean c\u1ee9u \u0111i\u1ec3n h\u00ecnh | Ch\u00fang t\u00f4i l\u00e0m g\u00ec - Trung t\u00e2m c\u01b0 tr\u00fa SNG","isPartOf":{"@id":"https:\/\/unitedinfrastructure-phoenix.com\/vi\/#website"},"datePublished":"2023-12-07T16:22:38+00:00","dateModified":"2025-07-29T11:08:25+00:00","description":"Kh\u00e1m ph\u00e1 c\u00e1ch ch\u00fang t\u00f4i c\u1ea3i t\u1ea1o nh\u00e0 \u1edf th\u00f4ng qua nhi\u1ec1u nghi\u00ean c\u1ee9u \u0111i\u1ec3n h\u00ecnh gi\u1edbi thi\u1ec7u c\u00e1c d\u1ef1 \u00e1n v\u00e0 d\u1ecbch v\u1ee5 c\u00f3 t\u00e1c \u0111\u1ed9ng c\u1ee7a ch\u00fang t\u00f4i.","breadcrumb":{"@id":"https:\/\/unitedinfrastructure-phoenix.com\/vi\/cac-nghien-cuu-dien-hinh\/#breadcrumb"},"inLanguage":"vi-VN","potentialAction":[{"@type":"ReadAction","target":["https:\/\/unitedinfrastructure-phoenix.com\/vi\/cac-nghien-cuu-dien-hinh\/"]}]},{"@type":"BreadcrumbList","@id":"https:\/\/unitedinfrastructure-phoenix.com\/vi\/cac-nghien-cuu-dien-hinh\/#breadcrumb","itemListElement":[{"@type":"ListItem","position":1,"name":"Home","item":"https:\/\/unitedinfrastructure-phoenix.com\/vi\/"},{"@type":"ListItem","position":2,"name":"C\u00e1c nghi\u00ean c\u1ee9u \u0111i\u1ec3n h\u00ecnh"}]},{"@type":"WebSite","@id":"https:\/\/unitedinfrastructure-phoenix.com\/vi\/#website","url":"https:\/\/unitedinfrastructure-phoenix.com\/vi\/","name":"Phoenix","description":"Creating a connected, sustainable future","publisher":{"@id":"https:\/\/unitedinfrastructure-phoenix.com\/vi\/#organization"},"potentialAction":[{"@type":"SearchAction","target":{"@type":"EntryPoint","urlTemplate":"https:\/\/unitedinfrastructure-phoenix.com\/vi\/?s={search_term_string}"},"query-input":{"@type":"PropertyValueSpecification","valueRequired":true,"valueName":"search_term_string"}}],"inLanguage":"vi-VN"},{"@type":"Organization","@id":"https:\/\/unitedinfrastructure-phoenix.com\/vi\/#organization","name":"Phoenix","url":"https:\/\/unitedinfrastructure-phoenix.com\/vi\/","logo":{"@type":"ImageObject","inLanguage":"vi-VN","@id":"https:\/\/unitedinfrastructure-phoenix.com\/vi\/#\/schema\/logo\/image\/","url":"https:\/\/unitedinfrastructure-phoenix.com\/wp-content\/uploads\/sites\/9\/2025\/11\/cropped-ul-phoenix.png","contentUrl":"https:\/\/unitedinfrastructure-phoenix.com\/wp-content\/uploads\/sites\/9\/2025\/11\/cropped-ul-phoenix.png","width":1246,"height":236,"caption":"Phoenix"},"image":{"@id":"https:\/\/unitedinfrastructure-phoenix.com\/vi\/#\/schema\/logo\/image\/"}}]}},"_links":{"self":[{"href":"https:\/\/unitedinfrastructure-phoenix.com\/vi\/wp-json\/wp\/v2\/pages\/30727","targetHints":{"allow":["GET"]}}],"collection":[{"href":"https:\/\/unitedinfrastructure-phoenix.com\/vi\/wp-json\/wp\/v2\/pages"}],"about":[{"href":"https:\/\/unitedinfrastructure-phoenix.com\/vi\/wp-json\/wp\/v2\/types\/page"}],"author":[{"embeddable":true,"href":"https:\/\/unitedinfrastructure-phoenix.com\/vi\/wp-json\/wp\/v2\/users\/1"}],"replies":[{"embeddable":true,"href":"https:\/\/unitedinfrastructure-phoenix.com\/vi\/wp-json\/wp\/v2\/comments?post=30727"}],"version-history":[{"count":1,"href":"https:\/\/unitedinfrastructure-phoenix.com\/vi\/wp-json\/wp\/v2\/pages\/30727\/revisions"}],"predecessor-version":[{"id":30735,"href":"https:\/\/unitedinfrastructure-phoenix.com\/vi\/wp-json\/wp\/v2\/pages\/30727\/revisions\/30735"}],"wp:attachment":[{"href":"https:\/\/unitedinfrastructure-phoenix.com\/vi\/wp-json\/wp\/v2\/media?parent=30727"}],"wp:term":[{"taxonomy":"folder","embeddable":true,"href":"https:\/\/unitedinfrastructure-phoenix.com\/vi\/wp-json\/wp\/v2\/folder?post=30727"}],"curies":[{"name":"wp","href":"https:\/\/api.w.org\/{rel}","templated":true}]}}