{"id":30416,"date":"2023-03-29T12:23:35","date_gmt":"2023-03-29T11:23:35","guid":{"rendered":"https:\/\/unitedliving.co.uk\/phoenix\/trang-chu\/"},"modified":"2025-11-25T07:55:52","modified_gmt":"2025-11-25T07:55:52","slug":"trang-chu","status":"publish","type":"page","link":"https:\/\/unitedinfrastructure-phoenix.com\/vi\/","title":{"rendered":"Trang ch\u1ee7"},"content":{"rendered":"","protected":false},"excerpt":{"rendered":"","protected":false},"author":1,"featured_media":0,"parent":0,"menu_order":0,"comment_status":"closed","ping_status":"closed","template":"","meta":{"_acf_changed":false,"inline_featured_image":false,"footnotes":""},"folder":[],"class_list":["post-30416","page","type-page","status-publish","hentry"],"acf":[],"yoast_head":"<!-- This site is optimized with the Yoast SEO plugin v27.2 - https:\/\/yoast.com\/product\/yoast-seo-wordpress\/ -->\n<title>Trung t\u00e2m C\u01b0 d\u00e2n Phoenix | C\u01a1 s\u1edf h\u1ea1 t\u1ea7ng United<\/title>\n<meta name=\"description\" content=\"Kh\u00e1m ph\u00e1 trung t\u00e2m th\u00f4ng tin c\u1ee7a ch\u00fang t\u00f4i v\u00e0 t\u00ecm hi\u1ec3u th\u00eam v\u1ec1 c\u00e1c c\u00f4ng tr\u00ecnh c\u1ea3i t\u1ea1o v\u00e0 n\u00e2ng c\u1ea5p hi\u1ec7u qu\u1ea3 n\u0103ng l\u01b0\u1ee3ng s\u1eafp di\u1ec5n ra t\u1ea1i nh\u00e0 b\u1ea1n.\" \/>\n<meta name=\"robots\" content=\"index, follow, max-snippet:-1, max-image-preview:large, max-video-preview:-1\" \/>\n<link rel=\"canonical\" href=\"https:\/\/unitedinfrastructure-phoenix.com\/vi\/\" \/>\n<meta property=\"og:locale\" content=\"vi_VN\" \/>\n<meta property=\"og:type\" content=\"article\" \/>\n<meta property=\"og:title\" content=\"Trung t\u00e2m C\u01b0 d\u00e2n Phoenix | C\u01a1 s\u1edf h\u1ea1 t\u1ea7ng United\" \/>\n<meta property=\"og:description\" content=\"Kh\u00e1m ph\u00e1 trung t\u00e2m th\u00f4ng tin c\u1ee7a ch\u00fang t\u00f4i v\u00e0 t\u00ecm hi\u1ec3u th\u00eam v\u1ec1 c\u00e1c c\u00f4ng tr\u00ecnh c\u1ea3i t\u1ea1o v\u00e0 n\u00e2ng c\u1ea5p hi\u1ec7u qu\u1ea3 n\u0103ng l\u01b0\u1ee3ng s\u1eafp di\u1ec5n ra t\u1ea1i nh\u00e0 b\u1ea1n.\" \/>\n<meta property=\"og:url\" content=\"https:\/\/unitedinfrastructure-phoenix.com\/vi\/\" \/>\n<meta property=\"og:site_name\" content=\"Phoenix\" \/>\n<meta property=\"article:modified_time\" content=\"2025-11-25T07:55:52+00:00\" \/>\n<meta name=\"twitter:card\" content=\"summary_large_image\" \/>\n<script type=\"application\/ld+json\" class=\"yoast-schema-graph\">{\"@context\":\"https:\/\/schema.org\",\"@graph\":[{\"@type\":\"WebPage\",\"@id\":\"https:\/\/unitedinfrastructure-phoenix.com\/vi\/\",\"url\":\"https:\/\/unitedinfrastructure-phoenix.com\/vi\/\",\"name\":\"Trung t\u00e2m C\u01b0 d\u00e2n Phoenix | C\u01a1 s\u1edf h\u1ea1 t\u1ea7ng United\",\"isPartOf\":{\"@id\":\"https:\/\/unitedinfrastructure-phoenix.com\/vi\/#website\"},\"datePublished\":\"2023-03-29T11:23:35+00:00\",\"dateModified\":\"2025-11-25T07:55:52+00:00\",\"description\":\"Kh\u00e1m ph\u00e1 trung t\u00e2m th\u00f4ng tin c\u1ee7a ch\u00fang t\u00f4i v\u00e0 t\u00ecm hi\u1ec3u th\u00eam v\u1ec1 c\u00e1c c\u00f4ng tr\u00ecnh c\u1ea3i t\u1ea1o v\u00e0 n\u00e2ng c\u1ea5p hi\u1ec7u qu\u1ea3 n\u0103ng l\u01b0\u1ee3ng s\u1eafp di\u1ec5n ra t\u1ea1i nh\u00e0 b\u1ea1n.\",\"breadcrumb\":{\"@id\":\"https:\/\/unitedinfrastructure-phoenix.com\/vi\/#breadcrumb\"},\"inLanguage\":\"vi-VN\",\"potentialAction\":[{\"@type\":\"ReadAction\",\"target\":[\"https:\/\/unitedinfrastructure-phoenix.com\/vi\/\"]}]},{\"@type\":\"BreadcrumbList\",\"@id\":\"https:\/\/unitedinfrastructure-phoenix.com\/vi\/#breadcrumb\",\"itemListElement\":[{\"@type\":\"ListItem\",\"position\":1,\"name\":\"Home\",\"item\":\"https:\/\/unitedinfrastructure-phoenix.com\/vi\/\"},{\"@type\":\"ListItem\",\"position\":2,\"name\":\"Trang ch\u1ee7\"}]},{\"@type\":\"WebSite\",\"@id\":\"https:\/\/unitedinfrastructure-phoenix.com\/vi\/#website\",\"url\":\"https:\/\/unitedinfrastructure-phoenix.com\/vi\/\",\"name\":\"Phoenix\",\"description\":\"Creating a connected, sustainable future\",\"publisher\":{\"@id\":\"https:\/\/unitedinfrastructure-phoenix.com\/vi\/#organization\"},\"potentialAction\":[{\"@type\":\"SearchAction\",\"target\":{\"@type\":\"EntryPoint\",\"urlTemplate\":\"https:\/\/unitedinfrastructure-phoenix.com\/vi\/?s={search_term_string}\"},\"query-input\":{\"@type\":\"PropertyValueSpecification\",\"valueRequired\":true,\"valueName\":\"search_term_string\"}}],\"inLanguage\":\"vi-VN\"},{\"@type\":\"Organization\",\"@id\":\"https:\/\/unitedinfrastructure-phoenix.com\/vi\/#organization\",\"name\":\"Phoenix\",\"url\":\"https:\/\/unitedinfrastructure-phoenix.com\/vi\/\",\"logo\":{\"@type\":\"ImageObject\",\"inLanguage\":\"vi-VN\",\"@id\":\"https:\/\/unitedinfrastructure-phoenix.com\/vi\/#\/schema\/logo\/image\/\",\"url\":\"https:\/\/unitedinfrastructure-phoenix.com\/wp-content\/uploads\/sites\/9\/2025\/11\/cropped-ul-phoenix.png\",\"contentUrl\":\"https:\/\/unitedinfrastructure-phoenix.com\/wp-content\/uploads\/sites\/9\/2025\/11\/cropped-ul-phoenix.png\",\"width\":1246,\"height\":236,\"caption\":\"Phoenix\"},\"image\":{\"@id\":\"https:\/\/unitedinfrastructure-phoenix.com\/vi\/#\/schema\/logo\/image\/\"}}]}<\/script>\n<!-- \/ Yoast SEO plugin. -->","yoast_head_json":{"title":"Trung t\u00e2m C\u01b0 d\u00e2n Phoenix | C\u01a1 s\u1edf h\u1ea1 t\u1ea7ng United","description":"Kh\u00e1m ph\u00e1 trung t\u00e2m th\u00f4ng tin c\u1ee7a ch\u00fang t\u00f4i v\u00e0 t\u00ecm hi\u1ec3u th\u00eam v\u1ec1 c\u00e1c c\u00f4ng tr\u00ecnh c\u1ea3i t\u1ea1o v\u00e0 n\u00e2ng c\u1ea5p hi\u1ec7u qu\u1ea3 n\u0103ng l\u01b0\u1ee3ng s\u1eafp di\u1ec5n ra t\u1ea1i nh\u00e0 b\u1ea1n.","robots":{"index":"index","follow":"follow","max-snippet":"max-snippet:-1","max-image-preview":"max-image-preview:large","max-video-preview":"max-video-preview:-1"},"canonical":"https:\/\/unitedinfrastructure-phoenix.com\/vi\/","og_locale":"vi_VN","og_type":"article","og_title":"Trung t\u00e2m C\u01b0 d\u00e2n Phoenix | C\u01a1 s\u1edf h\u1ea1 t\u1ea7ng United","og_description":"Kh\u00e1m ph\u00e1 trung t\u00e2m th\u00f4ng tin c\u1ee7a ch\u00fang t\u00f4i v\u00e0 t\u00ecm hi\u1ec3u th\u00eam v\u1ec1 c\u00e1c c\u00f4ng tr\u00ecnh c\u1ea3i t\u1ea1o v\u00e0 n\u00e2ng c\u1ea5p hi\u1ec7u qu\u1ea3 n\u0103ng l\u01b0\u1ee3ng s\u1eafp di\u1ec5n ra t\u1ea1i nh\u00e0 b\u1ea1n.","og_url":"https:\/\/unitedinfrastructure-phoenix.com\/vi\/","og_site_name":"Phoenix","article_modified_time":"2025-11-25T07:55:52+00:00","twitter_card":"summary_large_image","schema":{"@context":"https:\/\/schema.org","@graph":[{"@type":"WebPage","@id":"https:\/\/unitedinfrastructure-phoenix.com\/vi\/","url":"https:\/\/unitedinfrastructure-phoenix.com\/vi\/","name":"Trung t\u00e2m C\u01b0 d\u00e2n Phoenix | C\u01a1 s\u1edf h\u1ea1 t\u1ea7ng United","isPartOf":{"@id":"https:\/\/unitedinfrastructure-phoenix.com\/vi\/#website"},"datePublished":"2023-03-29T11:23:35+00:00","dateModified":"2025-11-25T07:55:52+00:00","description":"Kh\u00e1m ph\u00e1 trung t\u00e2m th\u00f4ng tin c\u1ee7a ch\u00fang t\u00f4i v\u00e0 t\u00ecm hi\u1ec3u th\u00eam v\u1ec1 c\u00e1c c\u00f4ng tr\u00ecnh c\u1ea3i t\u1ea1o v\u00e0 n\u00e2ng c\u1ea5p hi\u1ec7u qu\u1ea3 n\u0103ng l\u01b0\u1ee3ng s\u1eafp di\u1ec5n ra t\u1ea1i nh\u00e0 b\u1ea1n.","breadcrumb":{"@id":"https:\/\/unitedinfrastructure-phoenix.com\/vi\/#breadcrumb"},"inLanguage":"vi-VN","potentialAction":[{"@type":"ReadAction","target":["https:\/\/unitedinfrastructure-phoenix.com\/vi\/"]}]},{"@type":"BreadcrumbList","@id":"https:\/\/unitedinfrastructure-phoenix.com\/vi\/#breadcrumb","itemListElement":[{"@type":"ListItem","position":1,"name":"Home","item":"https:\/\/unitedinfrastructure-phoenix.com\/vi\/"},{"@type":"ListItem","position":2,"name":"Trang ch\u1ee7"}]},{"@type":"WebSite","@id":"https:\/\/unitedinfrastructure-phoenix.com\/vi\/#website","url":"https:\/\/unitedinfrastructure-phoenix.com\/vi\/","name":"Phoenix","description":"Creating a connected, sustainable future","publisher":{"@id":"https:\/\/unitedinfrastructure-phoenix.com\/vi\/#organization"},"potentialAction":[{"@type":"SearchAction","target":{"@type":"EntryPoint","urlTemplate":"https:\/\/unitedinfrastructure-phoenix.com\/vi\/?s={search_term_string}"},"query-input":{"@type":"PropertyValueSpecification","valueRequired":true,"valueName":"search_term_string"}}],"inLanguage":"vi-VN"},{"@type":"Organization","@id":"https:\/\/unitedinfrastructure-phoenix.com\/vi\/#organization","name":"Phoenix","url":"https:\/\/unitedinfrastructure-phoenix.com\/vi\/","logo":{"@type":"ImageObject","inLanguage":"vi-VN","@id":"https:\/\/unitedinfrastructure-phoenix.com\/vi\/#\/schema\/logo\/image\/","url":"https:\/\/unitedinfrastructure-phoenix.com\/wp-content\/uploads\/sites\/9\/2025\/11\/cropped-ul-phoenix.png","contentUrl":"https:\/\/unitedinfrastructure-phoenix.com\/wp-content\/uploads\/sites\/9\/2025\/11\/cropped-ul-phoenix.png","width":1246,"height":236,"caption":"Phoenix"},"image":{"@id":"https:\/\/unitedinfrastructure-phoenix.com\/vi\/#\/schema\/logo\/image\/"}}]}},"_links":{"self":[{"href":"https:\/\/unitedinfrastructure-phoenix.com\/vi\/wp-json\/wp\/v2\/pages\/30416","targetHints":{"allow":["GET"]}}],"collection":[{"href":"https:\/\/unitedinfrastructure-phoenix.com\/vi\/wp-json\/wp\/v2\/pages"}],"about":[{"href":"https:\/\/unitedinfrastructure-phoenix.com\/vi\/wp-json\/wp\/v2\/types\/page"}],"author":[{"embeddable":true,"href":"https:\/\/unitedinfrastructure-phoenix.com\/vi\/wp-json\/wp\/v2\/users\/1"}],"replies":[{"embeddable":true,"href":"https:\/\/unitedinfrastructure-phoenix.com\/vi\/wp-json\/wp\/v2\/comments?post=30416"}],"version-history":[{"count":1,"href":"https:\/\/unitedinfrastructure-phoenix.com\/vi\/wp-json\/wp\/v2\/pages\/30416\/revisions"}],"predecessor-version":[{"id":30627,"href":"https:\/\/unitedinfrastructure-phoenix.com\/vi\/wp-json\/wp\/v2\/pages\/30416\/revisions\/30627"}],"wp:attachment":[{"href":"https:\/\/unitedinfrastructure-phoenix.com\/vi\/wp-json\/wp\/v2\/media?parent=30416"}],"wp:term":[{"taxonomy":"folder","embeddable":true,"href":"https:\/\/unitedinfrastructure-phoenix.com\/vi\/wp-json\/wp\/v2\/folder?post=30416"}],"curies":[{"name":"wp","href":"https:\/\/api.w.org\/{rel}","templated":true}]}}