{"id":30657,"date":"2025-05-07T10:34:27","date_gmt":"2025-05-07T09:34:27","guid":{"rendered":"https:\/\/unitedliving.co.uk\/phoenix\/retrofit-sonrasi-degerlendirme-formu\/"},"modified":"2025-05-07T10:34:27","modified_gmt":"2025-05-07T09:34:27","slug":"retrofit-sonrasi-degerlendirme-formu","status":"publish","type":"page","link":"https:\/\/unitedinfrastructure-phoenix.com\/tr\/retrofit-sonrasi-degerlendirme-formu\/","title":{"rendered":"Retrofit Sonras\u0131 De\u011ferlendirme Formu"},"content":{"rendered":"","protected":false},"excerpt":{"rendered":"","protected":false},"author":1,"featured_media":0,"parent":0,"menu_order":0,"comment_status":"closed","ping_status":"closed","template":"","meta":{"_acf_changed":false,"inline_featured_image":false,"footnotes":""},"folder":[],"class_list":["post-30657","page","type-page","status-publish","hentry"],"acf":[],"yoast_head":"<!-- This site is optimized with the Yoast SEO plugin v27.2 - https:\/\/yoast.com\/product\/yoast-seo-wordpress\/ -->\n<title>Yenileme Sonras\u0131 De\u011ferlendirme - SNG Resident Hub<\/title>\n<meta name=\"description\" content=\"Hizmetimizi iyile\u015ftirebilmemiz i\u00e7in, yenileme deneyiminizle ilgili geri bildiriminizi bize iletmek i\u00e7in bir dakikan\u0131z\u0131 ay\u0131r\u0131n.\" \/>\n<meta name=\"robots\" content=\"index, follow, max-snippet:-1, max-image-preview:large, max-video-preview:-1\" \/>\n<link rel=\"canonical\" href=\"https:\/\/unitedinfrastructure-phoenix.com\/tr\/retrofit-sonrasi-degerlendirme-formu\/\" \/>\n<meta property=\"og:locale\" content=\"tr_TR\" \/>\n<meta property=\"og:type\" content=\"article\" \/>\n<meta property=\"og:title\" content=\"Yenileme Sonras\u0131 De\u011ferlendirme - SNG Resident Hub\" \/>\n<meta property=\"og:description\" content=\"Hizmetimizi iyile\u015ftirebilmemiz i\u00e7in, yenileme deneyiminizle ilgili geri bildiriminizi bize iletmek i\u00e7in bir dakikan\u0131z\u0131 ay\u0131r\u0131n.\" \/>\n<meta property=\"og:url\" content=\"https:\/\/unitedinfrastructure-phoenix.com\/tr\/retrofit-sonrasi-degerlendirme-formu\/\" \/>\n<meta property=\"og:site_name\" content=\"Phoenix\" \/>\n<meta name=\"twitter:card\" content=\"summary_large_image\" \/>\n<script type=\"application\/ld+json\" class=\"yoast-schema-graph\">{\"@context\":\"https:\/\/schema.org\",\"@graph\":[{\"@type\":\"WebPage\",\"@id\":\"https:\/\/unitedinfrastructure-phoenix.com\/tr\/retrofit-sonrasi-degerlendirme-formu\/\",\"url\":\"https:\/\/unitedinfrastructure-phoenix.com\/tr\/retrofit-sonrasi-degerlendirme-formu\/\",\"name\":\"Yenileme Sonras\u0131 De\u011ferlendirme - SNG Resident Hub\",\"isPartOf\":{\"@id\":\"https:\/\/unitedinfrastructure-phoenix.com\/tr\/#website\"},\"datePublished\":\"2025-05-07T09:34:27+00:00\",\"description\":\"Hizmetimizi iyile\u015ftirebilmemiz i\u00e7in, yenileme deneyiminizle ilgili geri bildiriminizi bize iletmek i\u00e7in bir dakikan\u0131z\u0131 ay\u0131r\u0131n.\",\"breadcrumb\":{\"@id\":\"https:\/\/unitedinfrastructure-phoenix.com\/tr\/retrofit-sonrasi-degerlendirme-formu\/#breadcrumb\"},\"inLanguage\":\"tr\",\"potentialAction\":[{\"@type\":\"ReadAction\",\"target\":[\"https:\/\/unitedinfrastructure-phoenix.com\/tr\/retrofit-sonrasi-degerlendirme-formu\/\"]}]},{\"@type\":\"BreadcrumbList\",\"@id\":\"https:\/\/unitedinfrastructure-phoenix.com\/tr\/retrofit-sonrasi-degerlendirme-formu\/#breadcrumb\",\"itemListElement\":[{\"@type\":\"ListItem\",\"position\":1,\"name\":\"Home\",\"item\":\"https:\/\/unitedinfrastructure-phoenix.com\/tr\/\"},{\"@type\":\"ListItem\",\"position\":2,\"name\":\"Retrofit Sonras\u0131 De\u011ferlendirme Formu\"}]},{\"@type\":\"WebSite\",\"@id\":\"https:\/\/unitedinfrastructure-phoenix.com\/tr\/#website\",\"url\":\"https:\/\/unitedinfrastructure-phoenix.com\/tr\/\",\"name\":\"Phoenix\",\"description\":\"Creating a connected, sustainable future\",\"publisher\":{\"@id\":\"https:\/\/unitedinfrastructure-phoenix.com\/tr\/#organization\"},\"potentialAction\":[{\"@type\":\"SearchAction\",\"target\":{\"@type\":\"EntryPoint\",\"urlTemplate\":\"https:\/\/unitedinfrastructure-phoenix.com\/tr\/?s={search_term_string}\"},\"query-input\":{\"@type\":\"PropertyValueSpecification\",\"valueRequired\":true,\"valueName\":\"search_term_string\"}}],\"inLanguage\":\"tr\"},{\"@type\":\"Organization\",\"@id\":\"https:\/\/unitedinfrastructure-phoenix.com\/tr\/#organization\",\"name\":\"Phoenix\",\"url\":\"https:\/\/unitedinfrastructure-phoenix.com\/tr\/\",\"logo\":{\"@type\":\"ImageObject\",\"inLanguage\":\"tr\",\"@id\":\"https:\/\/unitedinfrastructure-phoenix.com\/tr\/#\/schema\/logo\/image\/\",\"url\":\"https:\/\/unitedinfrastructure-phoenix.com\/wp-content\/uploads\/sites\/9\/2025\/11\/cropped-ul-phoenix.png\",\"contentUrl\":\"https:\/\/unitedinfrastructure-phoenix.com\/wp-content\/uploads\/sites\/9\/2025\/11\/cropped-ul-phoenix.png\",\"width\":1246,\"height\":236,\"caption\":\"Phoenix\"},\"image\":{\"@id\":\"https:\/\/unitedinfrastructure-phoenix.com\/tr\/#\/schema\/logo\/image\/\"}}]}<\/script>\n<!-- \/ Yoast SEO plugin. -->","yoast_head_json":{"title":"Yenileme Sonras\u0131 De\u011ferlendirme - SNG Resident Hub","description":"Hizmetimizi iyile\u015ftirebilmemiz i\u00e7in, yenileme deneyiminizle ilgili geri bildiriminizi bize iletmek i\u00e7in bir dakikan\u0131z\u0131 ay\u0131r\u0131n.","robots":{"index":"index","follow":"follow","max-snippet":"max-snippet:-1","max-image-preview":"max-image-preview:large","max-video-preview":"max-video-preview:-1"},"canonical":"https:\/\/unitedinfrastructure-phoenix.com\/tr\/retrofit-sonrasi-degerlendirme-formu\/","og_locale":"tr_TR","og_type":"article","og_title":"Yenileme Sonras\u0131 De\u011ferlendirme - SNG Resident Hub","og_description":"Hizmetimizi iyile\u015ftirebilmemiz i\u00e7in, yenileme deneyiminizle ilgili geri bildiriminizi bize iletmek i\u00e7in bir dakikan\u0131z\u0131 ay\u0131r\u0131n.","og_url":"https:\/\/unitedinfrastructure-phoenix.com\/tr\/retrofit-sonrasi-degerlendirme-formu\/","og_site_name":"Phoenix","twitter_card":"summary_large_image","schema":{"@context":"https:\/\/schema.org","@graph":[{"@type":"WebPage","@id":"https:\/\/unitedinfrastructure-phoenix.com\/tr\/retrofit-sonrasi-degerlendirme-formu\/","url":"https:\/\/unitedinfrastructure-phoenix.com\/tr\/retrofit-sonrasi-degerlendirme-formu\/","name":"Yenileme Sonras\u0131 De\u011ferlendirme - SNG Resident Hub","isPartOf":{"@id":"https:\/\/unitedinfrastructure-phoenix.com\/tr\/#website"},"datePublished":"2025-05-07T09:34:27+00:00","description":"Hizmetimizi iyile\u015ftirebilmemiz i\u00e7in, yenileme deneyiminizle ilgili geri bildiriminizi bize iletmek i\u00e7in bir dakikan\u0131z\u0131 ay\u0131r\u0131n.","breadcrumb":{"@id":"https:\/\/unitedinfrastructure-phoenix.com\/tr\/retrofit-sonrasi-degerlendirme-formu\/#breadcrumb"},"inLanguage":"tr","potentialAction":[{"@type":"ReadAction","target":["https:\/\/unitedinfrastructure-phoenix.com\/tr\/retrofit-sonrasi-degerlendirme-formu\/"]}]},{"@type":"BreadcrumbList","@id":"https:\/\/unitedinfrastructure-phoenix.com\/tr\/retrofit-sonrasi-degerlendirme-formu\/#breadcrumb","itemListElement":[{"@type":"ListItem","position":1,"name":"Home","item":"https:\/\/unitedinfrastructure-phoenix.com\/tr\/"},{"@type":"ListItem","position":2,"name":"Retrofit Sonras\u0131 De\u011ferlendirme Formu"}]},{"@type":"WebSite","@id":"https:\/\/unitedinfrastructure-phoenix.com\/tr\/#website","url":"https:\/\/unitedinfrastructure-phoenix.com\/tr\/","name":"Phoenix","description":"Creating a connected, sustainable future","publisher":{"@id":"https:\/\/unitedinfrastructure-phoenix.com\/tr\/#organization"},"potentialAction":[{"@type":"SearchAction","target":{"@type":"EntryPoint","urlTemplate":"https:\/\/unitedinfrastructure-phoenix.com\/tr\/?s={search_term_string}"},"query-input":{"@type":"PropertyValueSpecification","valueRequired":true,"valueName":"search_term_string"}}],"inLanguage":"tr"},{"@type":"Organization","@id":"https:\/\/unitedinfrastructure-phoenix.com\/tr\/#organization","name":"Phoenix","url":"https:\/\/unitedinfrastructure-phoenix.com\/tr\/","logo":{"@type":"ImageObject","inLanguage":"tr","@id":"https:\/\/unitedinfrastructure-phoenix.com\/tr\/#\/schema\/logo\/image\/","url":"https:\/\/unitedinfrastructure-phoenix.com\/wp-content\/uploads\/sites\/9\/2025\/11\/cropped-ul-phoenix.png","contentUrl":"https:\/\/unitedinfrastructure-phoenix.com\/wp-content\/uploads\/sites\/9\/2025\/11\/cropped-ul-phoenix.png","width":1246,"height":236,"caption":"Phoenix"},"image":{"@id":"https:\/\/unitedinfrastructure-phoenix.com\/tr\/#\/schema\/logo\/image\/"}}]}},"_links":{"self":[{"href":"https:\/\/unitedinfrastructure-phoenix.com\/tr\/wp-json\/wp\/v2\/pages\/30657","targetHints":{"allow":["GET"]}}],"collection":[{"href":"https:\/\/unitedinfrastructure-phoenix.com\/tr\/wp-json\/wp\/v2\/pages"}],"about":[{"href":"https:\/\/unitedinfrastructure-phoenix.com\/tr\/wp-json\/wp\/v2\/types\/page"}],"author":[{"embeddable":true,"href":"https:\/\/unitedinfrastructure-phoenix.com\/tr\/wp-json\/wp\/v2\/users\/1"}],"replies":[{"embeddable":true,"href":"https:\/\/unitedinfrastructure-phoenix.com\/tr\/wp-json\/wp\/v2\/comments?post=30657"}],"version-history":[{"count":0,"href":"https:\/\/unitedinfrastructure-phoenix.com\/tr\/wp-json\/wp\/v2\/pages\/30657\/revisions"}],"wp:attachment":[{"href":"https:\/\/unitedinfrastructure-phoenix.com\/tr\/wp-json\/wp\/v2\/media?parent=30657"}],"wp:term":[{"taxonomy":"folder","embeddable":true,"href":"https:\/\/unitedinfrastructure-phoenix.com\/tr\/wp-json\/wp\/v2\/folder?post=30657"}],"curies":[{"name":"wp","href":"https:\/\/api.w.org\/{rel}","templated":true}]}}