{"id":30378,"date":"2023-11-13T10:56:40","date_gmt":"2023-11-13T10:56:40","guid":{"rendered":"https:\/\/unitedliving.co.uk\/phoenix\/guclendirme-calismalari\/"},"modified":"2025-11-25T07:51:54","modified_gmt":"2025-11-25T07:51:54","slug":"guclendirme-calismalari","status":"publish","type":"page","link":"https:\/\/unitedinfrastructure-phoenix.com\/tr\/guclendirme-calismalari\/","title":{"rendered":"G\u00fc\u00e7lendirme \u00c7al\u0131\u015fmalar\u0131"},"content":{"rendered":"","protected":false},"excerpt":{"rendered":"","protected":false},"author":1,"featured_media":0,"parent":0,"menu_order":0,"comment_status":"closed","ping_status":"closed","template":"","meta":{"_acf_changed":false,"inline_featured_image":false,"footnotes":""},"folder":[],"class_list":["post-30378","page","type-page","status-publish","hentry"],"acf":[],"yoast_head":"<!-- This site is optimized with the Yoast SEO plugin v27.2 - https:\/\/yoast.com\/product\/yoast-seo-wordpress\/ -->\n<title>G\u00fc\u00e7lendirme \u00c7al\u0131\u015fmalar\u0131 - Phoenix Resident Hub<\/title>\n<meta name=\"description\" content=\"Evinizdeki kurulumlarla ilgili \u00f6nemli bilgiler de dahil olmak \u00fczere, alabilece\u011finiz enerji verimlili\u011fi \u00f6nlemleri hakk\u0131nda daha fazla bilgi edinin.\" \/>\n<meta name=\"robots\" content=\"index, follow, max-snippet:-1, max-image-preview:large, max-video-preview:-1\" \/>\n<link rel=\"canonical\" href=\"https:\/\/unitedinfrastructure-phoenix.com\/tr\/guclendirme-calismalari\/\" \/>\n<meta property=\"og:locale\" content=\"tr_TR\" \/>\n<meta property=\"og:type\" content=\"article\" \/>\n<meta property=\"og:title\" content=\"G\u00fc\u00e7lendirme \u00c7al\u0131\u015fmalar\u0131 - Phoenix Resident Hub\" \/>\n<meta property=\"og:description\" content=\"Evinizdeki kurulumlarla ilgili \u00f6nemli bilgiler de dahil olmak \u00fczere, alabilece\u011finiz enerji verimlili\u011fi \u00f6nlemleri hakk\u0131nda daha fazla bilgi edinin.\" \/>\n<meta property=\"og:url\" content=\"https:\/\/unitedinfrastructure-phoenix.com\/tr\/guclendirme-calismalari\/\" \/>\n<meta property=\"og:site_name\" content=\"Phoenix\" \/>\n<meta property=\"article:modified_time\" content=\"2025-11-25T07:51:54+00:00\" \/>\n<meta name=\"twitter:card\" content=\"summary_large_image\" \/>\n<script type=\"application\/ld+json\" class=\"yoast-schema-graph\">{\"@context\":\"https:\/\/schema.org\",\"@graph\":[{\"@type\":\"WebPage\",\"@id\":\"https:\/\/unitedinfrastructure-phoenix.com\/tr\/guclendirme-calismalari\/\",\"url\":\"https:\/\/unitedinfrastructure-phoenix.com\/tr\/guclendirme-calismalari\/\",\"name\":\"G\u00fc\u00e7lendirme \u00c7al\u0131\u015fmalar\u0131 - Phoenix Resident Hub\",\"isPartOf\":{\"@id\":\"https:\/\/unitedinfrastructure-phoenix.com\/tr\/#website\"},\"datePublished\":\"2023-11-13T10:56:40+00:00\",\"dateModified\":\"2025-11-25T07:51:54+00:00\",\"description\":\"Evinizdeki kurulumlarla ilgili \u00f6nemli bilgiler de dahil olmak \u00fczere, alabilece\u011finiz enerji verimlili\u011fi \u00f6nlemleri hakk\u0131nda daha fazla bilgi edinin.\",\"breadcrumb\":{\"@id\":\"https:\/\/unitedinfrastructure-phoenix.com\/tr\/guclendirme-calismalari\/#breadcrumb\"},\"inLanguage\":\"tr\",\"potentialAction\":[{\"@type\":\"ReadAction\",\"target\":[\"https:\/\/unitedinfrastructure-phoenix.com\/tr\/guclendirme-calismalari\/\"]}]},{\"@type\":\"BreadcrumbList\",\"@id\":\"https:\/\/unitedinfrastructure-phoenix.com\/tr\/guclendirme-calismalari\/#breadcrumb\",\"itemListElement\":[{\"@type\":\"ListItem\",\"position\":1,\"name\":\"Home\",\"item\":\"https:\/\/unitedinfrastructure-phoenix.com\/tr\/\"},{\"@type\":\"ListItem\",\"position\":2,\"name\":\"G\u00fc\u00e7lendirme \u00c7al\u0131\u015fmalar\u0131\"}]},{\"@type\":\"WebSite\",\"@id\":\"https:\/\/unitedinfrastructure-phoenix.com\/tr\/#website\",\"url\":\"https:\/\/unitedinfrastructure-phoenix.com\/tr\/\",\"name\":\"Phoenix\",\"description\":\"Creating a connected, sustainable future\",\"publisher\":{\"@id\":\"https:\/\/unitedinfrastructure-phoenix.com\/tr\/#organization\"},\"potentialAction\":[{\"@type\":\"SearchAction\",\"target\":{\"@type\":\"EntryPoint\",\"urlTemplate\":\"https:\/\/unitedinfrastructure-phoenix.com\/tr\/?s={search_term_string}\"},\"query-input\":{\"@type\":\"PropertyValueSpecification\",\"valueRequired\":true,\"valueName\":\"search_term_string\"}}],\"inLanguage\":\"tr\"},{\"@type\":\"Organization\",\"@id\":\"https:\/\/unitedinfrastructure-phoenix.com\/tr\/#organization\",\"name\":\"Phoenix\",\"url\":\"https:\/\/unitedinfrastructure-phoenix.com\/tr\/\",\"logo\":{\"@type\":\"ImageObject\",\"inLanguage\":\"tr\",\"@id\":\"https:\/\/unitedinfrastructure-phoenix.com\/tr\/#\/schema\/logo\/image\/\",\"url\":\"https:\/\/unitedinfrastructure-phoenix.com\/wp-content\/uploads\/sites\/9\/2025\/11\/cropped-ul-phoenix.png\",\"contentUrl\":\"https:\/\/unitedinfrastructure-phoenix.com\/wp-content\/uploads\/sites\/9\/2025\/11\/cropped-ul-phoenix.png\",\"width\":1246,\"height\":236,\"caption\":\"Phoenix\"},\"image\":{\"@id\":\"https:\/\/unitedinfrastructure-phoenix.com\/tr\/#\/schema\/logo\/image\/\"}}]}<\/script>\n<!-- \/ Yoast SEO plugin. -->","yoast_head_json":{"title":"G\u00fc\u00e7lendirme \u00c7al\u0131\u015fmalar\u0131 - Phoenix Resident Hub","description":"Evinizdeki kurulumlarla ilgili \u00f6nemli bilgiler de dahil olmak \u00fczere, alabilece\u011finiz enerji verimlili\u011fi \u00f6nlemleri hakk\u0131nda daha fazla bilgi edinin.","robots":{"index":"index","follow":"follow","max-snippet":"max-snippet:-1","max-image-preview":"max-image-preview:large","max-video-preview":"max-video-preview:-1"},"canonical":"https:\/\/unitedinfrastructure-phoenix.com\/tr\/guclendirme-calismalari\/","og_locale":"tr_TR","og_type":"article","og_title":"G\u00fc\u00e7lendirme \u00c7al\u0131\u015fmalar\u0131 - Phoenix Resident Hub","og_description":"Evinizdeki kurulumlarla ilgili \u00f6nemli bilgiler de dahil olmak \u00fczere, alabilece\u011finiz enerji verimlili\u011fi \u00f6nlemleri hakk\u0131nda daha fazla bilgi edinin.","og_url":"https:\/\/unitedinfrastructure-phoenix.com\/tr\/guclendirme-calismalari\/","og_site_name":"Phoenix","article_modified_time":"2025-11-25T07:51:54+00:00","twitter_card":"summary_large_image","schema":{"@context":"https:\/\/schema.org","@graph":[{"@type":"WebPage","@id":"https:\/\/unitedinfrastructure-phoenix.com\/tr\/guclendirme-calismalari\/","url":"https:\/\/unitedinfrastructure-phoenix.com\/tr\/guclendirme-calismalari\/","name":"G\u00fc\u00e7lendirme \u00c7al\u0131\u015fmalar\u0131 - Phoenix Resident Hub","isPartOf":{"@id":"https:\/\/unitedinfrastructure-phoenix.com\/tr\/#website"},"datePublished":"2023-11-13T10:56:40+00:00","dateModified":"2025-11-25T07:51:54+00:00","description":"Evinizdeki kurulumlarla ilgili \u00f6nemli bilgiler de dahil olmak \u00fczere, alabilece\u011finiz enerji verimlili\u011fi \u00f6nlemleri hakk\u0131nda daha fazla bilgi edinin.","breadcrumb":{"@id":"https:\/\/unitedinfrastructure-phoenix.com\/tr\/guclendirme-calismalari\/#breadcrumb"},"inLanguage":"tr","potentialAction":[{"@type":"ReadAction","target":["https:\/\/unitedinfrastructure-phoenix.com\/tr\/guclendirme-calismalari\/"]}]},{"@type":"BreadcrumbList","@id":"https:\/\/unitedinfrastructure-phoenix.com\/tr\/guclendirme-calismalari\/#breadcrumb","itemListElement":[{"@type":"ListItem","position":1,"name":"Home","item":"https:\/\/unitedinfrastructure-phoenix.com\/tr\/"},{"@type":"ListItem","position":2,"name":"G\u00fc\u00e7lendirme \u00c7al\u0131\u015fmalar\u0131"}]},{"@type":"WebSite","@id":"https:\/\/unitedinfrastructure-phoenix.com\/tr\/#website","url":"https:\/\/unitedinfrastructure-phoenix.com\/tr\/","name":"Phoenix","description":"Creating a connected, sustainable future","publisher":{"@id":"https:\/\/unitedinfrastructure-phoenix.com\/tr\/#organization"},"potentialAction":[{"@type":"SearchAction","target":{"@type":"EntryPoint","urlTemplate":"https:\/\/unitedinfrastructure-phoenix.com\/tr\/?s={search_term_string}"},"query-input":{"@type":"PropertyValueSpecification","valueRequired":true,"valueName":"search_term_string"}}],"inLanguage":"tr"},{"@type":"Organization","@id":"https:\/\/unitedinfrastructure-phoenix.com\/tr\/#organization","name":"Phoenix","url":"https:\/\/unitedinfrastructure-phoenix.com\/tr\/","logo":{"@type":"ImageObject","inLanguage":"tr","@id":"https:\/\/unitedinfrastructure-phoenix.com\/tr\/#\/schema\/logo\/image\/","url":"https:\/\/unitedinfrastructure-phoenix.com\/wp-content\/uploads\/sites\/9\/2025\/11\/cropped-ul-phoenix.png","contentUrl":"https:\/\/unitedinfrastructure-phoenix.com\/wp-content\/uploads\/sites\/9\/2025\/11\/cropped-ul-phoenix.png","width":1246,"height":236,"caption":"Phoenix"},"image":{"@id":"https:\/\/unitedinfrastructure-phoenix.com\/tr\/#\/schema\/logo\/image\/"}}]}},"_links":{"self":[{"href":"https:\/\/unitedinfrastructure-phoenix.com\/tr\/wp-json\/wp\/v2\/pages\/30378","targetHints":{"allow":["GET"]}}],"collection":[{"href":"https:\/\/unitedinfrastructure-phoenix.com\/tr\/wp-json\/wp\/v2\/pages"}],"about":[{"href":"https:\/\/unitedinfrastructure-phoenix.com\/tr\/wp-json\/wp\/v2\/types\/page"}],"author":[{"embeddable":true,"href":"https:\/\/unitedinfrastructure-phoenix.com\/tr\/wp-json\/wp\/v2\/users\/1"}],"replies":[{"embeddable":true,"href":"https:\/\/unitedinfrastructure-phoenix.com\/tr\/wp-json\/wp\/v2\/comments?post=30378"}],"version-history":[{"count":1,"href":"https:\/\/unitedinfrastructure-phoenix.com\/tr\/wp-json\/wp\/v2\/pages\/30378\/revisions"}],"predecessor-version":[{"id":30641,"href":"https:\/\/unitedinfrastructure-phoenix.com\/tr\/wp-json\/wp\/v2\/pages\/30378\/revisions\/30641"}],"wp:attachment":[{"href":"https:\/\/unitedinfrastructure-phoenix.com\/tr\/wp-json\/wp\/v2\/media?parent=30378"}],"wp:term":[{"taxonomy":"folder","embeddable":true,"href":"https:\/\/unitedinfrastructure-phoenix.com\/tr\/wp-json\/wp\/v2\/folder?post=30378"}],"curies":[{"name":"wp","href":"https:\/\/api.w.org\/{rel}","templated":true}]}}