{"id":30555,"date":"2023-12-07T16:22:38","date_gmt":"2023-12-07T16:22:38","guid":{"rendered":"https:\/\/unitedliving.co.uk\/phoenix\/lekolinen-doze\/"},"modified":"2025-07-29T12:08:21","modified_gmt":"2025-07-29T11:08:21","slug":"lekolinen-doze","status":"publish","type":"page","link":"https:\/\/unitedinfrastructure-phoenix.com\/ku\/lekolinen-doze\/","title":{"rendered":"L\u00eakol\u00een\u00ean doz\u00ea"},"content":{"rendered":"","protected":false},"excerpt":{"rendered":"","protected":false},"author":1,"featured_media":0,"parent":0,"menu_order":0,"comment_status":"closed","ping_status":"closed","template":"","meta":{"_acf_changed":false,"inline_featured_image":false,"footnotes":""},"folder":[],"class_list":["post-30555","page","type-page","status-publish","hentry"],"acf":[],"yoast_head":"<!-- This site is optimized with the Yoast SEO plugin v27.2 - https:\/\/yoast.com\/product\/yoast-seo-wordpress\/ -->\n<title>L\u00eakol\u00een\u00ean Doz\u00ea | Em \u00c7i Dikin - Navenda Ni\u015ftec\u00eeh\u00ean SNG<\/title>\n<meta name=\"description\" content=\"Bi r\u00eaya r\u00eazek cih\u00eareng ji l\u00eakol\u00een\u00ean doz\u00ea y\u00ean ku projey\u00ean me y\u00ean bi bandor \u00fb kar\u00fbbar\u00ean me n\u00ee\u015fan didin, kif\u015f bikin ka em \u00e7awa malan ji n\u00fb ve \u00e7\u00eadikin.\" \/>\n<meta name=\"robots\" content=\"index, follow, max-snippet:-1, max-image-preview:large, max-video-preview:-1\" \/>\n<link rel=\"canonical\" href=\"https:\/\/unitedinfrastructure-phoenix.com\/ku\/lekolinen-doze\/\" \/>\n<meta property=\"og:locale\" content=\"en_US\" \/>\n<meta property=\"og:type\" content=\"article\" \/>\n<meta property=\"og:title\" content=\"L\u00eakol\u00een\u00ean Doz\u00ea | Em \u00c7i Dikin - Navenda Ni\u015ftec\u00eeh\u00ean SNG\" \/>\n<meta property=\"og:description\" content=\"Bi r\u00eaya r\u00eazek cih\u00eareng ji l\u00eakol\u00een\u00ean doz\u00ea y\u00ean ku projey\u00ean me y\u00ean bi bandor \u00fb kar\u00fbbar\u00ean me n\u00ee\u015fan didin, kif\u015f bikin ka em \u00e7awa malan ji n\u00fb ve \u00e7\u00eadikin.\" \/>\n<meta property=\"og:url\" content=\"https:\/\/unitedinfrastructure-phoenix.com\/ku\/lekolinen-doze\/\" \/>\n<meta property=\"og:site_name\" content=\"Phoenix\" \/>\n<meta property=\"article:modified_time\" content=\"2025-07-29T11:08:21+00:00\" \/>\n<meta name=\"twitter:card\" content=\"summary_large_image\" \/>\n<script type=\"application\/ld+json\" class=\"yoast-schema-graph\">{\"@context\":\"https:\/\/schema.org\",\"@graph\":[{\"@type\":\"WebPage\",\"@id\":\"https:\/\/unitedinfrastructure-phoenix.com\/ku\/lekolinen-doze\/\",\"url\":\"https:\/\/unitedinfrastructure-phoenix.com\/ku\/lekolinen-doze\/\",\"name\":\"L\u00eakol\u00een\u00ean Doz\u00ea | Em \u00c7i Dikin - Navenda Ni\u015ftec\u00eeh\u00ean SNG\",\"isPartOf\":{\"@id\":\"https:\/\/unitedinfrastructure-phoenix.com\/ku\/#website\"},\"datePublished\":\"2023-12-07T16:22:38+00:00\",\"dateModified\":\"2025-07-29T11:08:21+00:00\",\"description\":\"Bi r\u00eaya r\u00eazek cih\u00eareng ji l\u00eakol\u00een\u00ean doz\u00ea y\u00ean ku projey\u00ean me y\u00ean bi bandor \u00fb kar\u00fbbar\u00ean me n\u00ee\u015fan didin, kif\u015f bikin ka em \u00e7awa malan ji n\u00fb ve \u00e7\u00eadikin.\",\"breadcrumb\":{\"@id\":\"https:\/\/unitedinfrastructure-phoenix.com\/ku\/lekolinen-doze\/#breadcrumb\"},\"inLanguage\":\"ckb\",\"potentialAction\":[{\"@type\":\"ReadAction\",\"target\":[\"https:\/\/unitedinfrastructure-phoenix.com\/ku\/lekolinen-doze\/\"]}]},{\"@type\":\"BreadcrumbList\",\"@id\":\"https:\/\/unitedinfrastructure-phoenix.com\/ku\/lekolinen-doze\/#breadcrumb\",\"itemListElement\":[{\"@type\":\"ListItem\",\"position\":1,\"name\":\"Home\",\"item\":\"https:\/\/unitedinfrastructure-phoenix.com\/ku\/\"},{\"@type\":\"ListItem\",\"position\":2,\"name\":\"L\u00eakol\u00een\u00ean doz\u00ea\"}]},{\"@type\":\"WebSite\",\"@id\":\"https:\/\/unitedinfrastructure-phoenix.com\/ku\/#website\",\"url\":\"https:\/\/unitedinfrastructure-phoenix.com\/ku\/\",\"name\":\"Phoenix\",\"description\":\"Creating a connected, sustainable future\",\"publisher\":{\"@id\":\"https:\/\/unitedinfrastructure-phoenix.com\/ku\/#organization\"},\"potentialAction\":[{\"@type\":\"SearchAction\",\"target\":{\"@type\":\"EntryPoint\",\"urlTemplate\":\"https:\/\/unitedinfrastructure-phoenix.com\/ku\/?s={search_term_string}\"},\"query-input\":{\"@type\":\"PropertyValueSpecification\",\"valueRequired\":true,\"valueName\":\"search_term_string\"}}],\"inLanguage\":\"ckb\"},{\"@type\":\"Organization\",\"@id\":\"https:\/\/unitedinfrastructure-phoenix.com\/ku\/#organization\",\"name\":\"Phoenix\",\"url\":\"https:\/\/unitedinfrastructure-phoenix.com\/ku\/\",\"logo\":{\"@type\":\"ImageObject\",\"inLanguage\":\"ckb\",\"@id\":\"https:\/\/unitedinfrastructure-phoenix.com\/ku\/#\/schema\/logo\/image\/\",\"url\":\"https:\/\/unitedinfrastructure-phoenix.com\/wp-content\/uploads\/sites\/9\/2025\/11\/cropped-ul-phoenix.png\",\"contentUrl\":\"https:\/\/unitedinfrastructure-phoenix.com\/wp-content\/uploads\/sites\/9\/2025\/11\/cropped-ul-phoenix.png\",\"width\":1246,\"height\":236,\"caption\":\"Phoenix\"},\"image\":{\"@id\":\"https:\/\/unitedinfrastructure-phoenix.com\/ku\/#\/schema\/logo\/image\/\"}}]}<\/script>\n<!-- \/ Yoast SEO plugin. -->","yoast_head_json":{"title":"L\u00eakol\u00een\u00ean Doz\u00ea | Em \u00c7i Dikin - Navenda Ni\u015ftec\u00eeh\u00ean SNG","description":"Bi r\u00eaya r\u00eazek cih\u00eareng ji l\u00eakol\u00een\u00ean doz\u00ea y\u00ean ku projey\u00ean me y\u00ean bi bandor \u00fb kar\u00fbbar\u00ean me n\u00ee\u015fan didin, kif\u015f bikin ka em \u00e7awa malan ji n\u00fb ve \u00e7\u00eadikin.","robots":{"index":"index","follow":"follow","max-snippet":"max-snippet:-1","max-image-preview":"max-image-preview:large","max-video-preview":"max-video-preview:-1"},"canonical":"https:\/\/unitedinfrastructure-phoenix.com\/ku\/lekolinen-doze\/","og_locale":"en_US","og_type":"article","og_title":"L\u00eakol\u00een\u00ean Doz\u00ea | Em \u00c7i Dikin - Navenda Ni\u015ftec\u00eeh\u00ean SNG","og_description":"Bi r\u00eaya r\u00eazek cih\u00eareng ji l\u00eakol\u00een\u00ean doz\u00ea y\u00ean ku projey\u00ean me y\u00ean bi bandor \u00fb kar\u00fbbar\u00ean me n\u00ee\u015fan didin, kif\u015f bikin ka em \u00e7awa malan ji n\u00fb ve \u00e7\u00eadikin.","og_url":"https:\/\/unitedinfrastructure-phoenix.com\/ku\/lekolinen-doze\/","og_site_name":"Phoenix","article_modified_time":"2025-07-29T11:08:21+00:00","twitter_card":"summary_large_image","schema":{"@context":"https:\/\/schema.org","@graph":[{"@type":"WebPage","@id":"https:\/\/unitedinfrastructure-phoenix.com\/ku\/lekolinen-doze\/","url":"https:\/\/unitedinfrastructure-phoenix.com\/ku\/lekolinen-doze\/","name":"L\u00eakol\u00een\u00ean Doz\u00ea | Em \u00c7i Dikin - Navenda Ni\u015ftec\u00eeh\u00ean SNG","isPartOf":{"@id":"https:\/\/unitedinfrastructure-phoenix.com\/ku\/#website"},"datePublished":"2023-12-07T16:22:38+00:00","dateModified":"2025-07-29T11:08:21+00:00","description":"Bi r\u00eaya r\u00eazek cih\u00eareng ji l\u00eakol\u00een\u00ean doz\u00ea y\u00ean ku projey\u00ean me y\u00ean bi bandor \u00fb kar\u00fbbar\u00ean me n\u00ee\u015fan didin, kif\u015f bikin ka em \u00e7awa malan ji n\u00fb ve \u00e7\u00eadikin.","breadcrumb":{"@id":"https:\/\/unitedinfrastructure-phoenix.com\/ku\/lekolinen-doze\/#breadcrumb"},"inLanguage":"ckb","potentialAction":[{"@type":"ReadAction","target":["https:\/\/unitedinfrastructure-phoenix.com\/ku\/lekolinen-doze\/"]}]},{"@type":"BreadcrumbList","@id":"https:\/\/unitedinfrastructure-phoenix.com\/ku\/lekolinen-doze\/#breadcrumb","itemListElement":[{"@type":"ListItem","position":1,"name":"Home","item":"https:\/\/unitedinfrastructure-phoenix.com\/ku\/"},{"@type":"ListItem","position":2,"name":"L\u00eakol\u00een\u00ean doz\u00ea"}]},{"@type":"WebSite","@id":"https:\/\/unitedinfrastructure-phoenix.com\/ku\/#website","url":"https:\/\/unitedinfrastructure-phoenix.com\/ku\/","name":"Phoenix","description":"Creating a connected, sustainable future","publisher":{"@id":"https:\/\/unitedinfrastructure-phoenix.com\/ku\/#organization"},"potentialAction":[{"@type":"SearchAction","target":{"@type":"EntryPoint","urlTemplate":"https:\/\/unitedinfrastructure-phoenix.com\/ku\/?s={search_term_string}"},"query-input":{"@type":"PropertyValueSpecification","valueRequired":true,"valueName":"search_term_string"}}],"inLanguage":"ckb"},{"@type":"Organization","@id":"https:\/\/unitedinfrastructure-phoenix.com\/ku\/#organization","name":"Phoenix","url":"https:\/\/unitedinfrastructure-phoenix.com\/ku\/","logo":{"@type":"ImageObject","inLanguage":"ckb","@id":"https:\/\/unitedinfrastructure-phoenix.com\/ku\/#\/schema\/logo\/image\/","url":"https:\/\/unitedinfrastructure-phoenix.com\/wp-content\/uploads\/sites\/9\/2025\/11\/cropped-ul-phoenix.png","contentUrl":"https:\/\/unitedinfrastructure-phoenix.com\/wp-content\/uploads\/sites\/9\/2025\/11\/cropped-ul-phoenix.png","width":1246,"height":236,"caption":"Phoenix"},"image":{"@id":"https:\/\/unitedinfrastructure-phoenix.com\/ku\/#\/schema\/logo\/image\/"}}]}},"_links":{"self":[{"href":"https:\/\/unitedinfrastructure-phoenix.com\/ku\/wp-json\/wp\/v2\/pages\/30555","targetHints":{"allow":["GET"]}}],"collection":[{"href":"https:\/\/unitedinfrastructure-phoenix.com\/ku\/wp-json\/wp\/v2\/pages"}],"about":[{"href":"https:\/\/unitedinfrastructure-phoenix.com\/ku\/wp-json\/wp\/v2\/types\/page"}],"author":[{"embeddable":true,"href":"https:\/\/unitedinfrastructure-phoenix.com\/ku\/wp-json\/wp\/v2\/users\/1"}],"replies":[{"embeddable":true,"href":"https:\/\/unitedinfrastructure-phoenix.com\/ku\/wp-json\/wp\/v2\/comments?post=30555"}],"version-history":[{"count":1,"href":"https:\/\/unitedinfrastructure-phoenix.com\/ku\/wp-json\/wp\/v2\/pages\/30555\/revisions"}],"predecessor-version":[{"id":30718,"href":"https:\/\/unitedinfrastructure-phoenix.com\/ku\/wp-json\/wp\/v2\/pages\/30555\/revisions\/30718"}],"wp:attachment":[{"href":"https:\/\/unitedinfrastructure-phoenix.com\/ku\/wp-json\/wp\/v2\/media?parent=30555"}],"wp:term":[{"taxonomy":"folder","embeddable":true,"href":"https:\/\/unitedinfrastructure-phoenix.com\/ku\/wp-json\/wp\/v2\/folder?post=30555"}],"curies":[{"name":"wp","href":"https:\/\/api.w.org\/{rel}","templated":true}]}}