{"id":30506,"date":"2025-05-07T10:34:27","date_gmt":"2025-05-07T09:34:27","guid":{"rendered":"https:\/\/unitedliving.co.uk\/phoenix\/formulaire-devaluation-apres-renovation\/"},"modified":"2025-07-17T08:54:09","modified_gmt":"2025-07-17T07:54:09","slug":"formulaire-devaluation-apres-renovation","status":"publish","type":"page","link":"https:\/\/unitedinfrastructure-phoenix.com\/fr\/formulaire-devaluation-apres-renovation\/","title":{"rendered":"Formulaire d&rsquo;\u00e9valuation apr\u00e8s r\u00e9novation"},"content":{"rendered":"","protected":false},"excerpt":{"rendered":"","protected":false},"author":1,"featured_media":0,"parent":0,"menu_order":0,"comment_status":"closed","ping_status":"closed","template":"","meta":{"_acf_changed":false,"inline_featured_image":false,"footnotes":""},"folder":[],"class_list":["post-30506","page","type-page","status-publish","hentry"],"acf":[],"yoast_head":"<!-- This site is optimized with the Yoast SEO plugin v27.2 - https:\/\/yoast.com\/product\/yoast-seo-wordpress\/ -->\n<title>\u00c9valuation apr\u00e8s modernisation - Hub R\u00e9sident SNG<\/title>\n<meta name=\"description\" content=\"Prenez le temps de nous faire part de vos commentaires sur votre exp\u00e9rience en mati\u00e8re de modernisation afin que nous puissions am\u00e9liorer notre service.\" \/>\n<meta name=\"robots\" content=\"index, follow, max-snippet:-1, max-image-preview:large, max-video-preview:-1\" \/>\n<link rel=\"canonical\" href=\"https:\/\/unitedinfrastructure-phoenix.com\/fr\/formulaire-devaluation-apres-renovation\/\" \/>\n<meta property=\"og:locale\" content=\"fr_FR\" \/>\n<meta property=\"og:type\" content=\"article\" \/>\n<meta property=\"og:title\" content=\"\u00c9valuation apr\u00e8s modernisation - Hub R\u00e9sident SNG\" \/>\n<meta property=\"og:description\" content=\"Prenez le temps de nous faire part de vos commentaires sur votre exp\u00e9rience en mati\u00e8re de modernisation afin que nous puissions am\u00e9liorer notre service.\" \/>\n<meta property=\"og:url\" content=\"https:\/\/unitedinfrastructure-phoenix.com\/fr\/formulaire-devaluation-apres-renovation\/\" \/>\n<meta property=\"og:site_name\" content=\"Phoenix\" \/>\n<meta property=\"article:modified_time\" content=\"2025-07-17T07:54:09+00:00\" \/>\n<meta name=\"twitter:card\" content=\"summary_large_image\" \/>\n<script type=\"application\/ld+json\" class=\"yoast-schema-graph\">{\"@context\":\"https:\/\/schema.org\",\"@graph\":[{\"@type\":\"WebPage\",\"@id\":\"https:\/\/unitedinfrastructure-phoenix.com\/fr\/formulaire-devaluation-apres-renovation\/\",\"url\":\"https:\/\/unitedinfrastructure-phoenix.com\/fr\/formulaire-devaluation-apres-renovation\/\",\"name\":\"\u00c9valuation apr\u00e8s modernisation - Hub R\u00e9sident SNG\",\"isPartOf\":{\"@id\":\"https:\/\/unitedinfrastructure-phoenix.com\/fr\/#website\"},\"datePublished\":\"2025-05-07T09:34:27+00:00\",\"dateModified\":\"2025-07-17T07:54:09+00:00\",\"description\":\"Prenez le temps de nous faire part de vos commentaires sur votre exp\u00e9rience en mati\u00e8re de modernisation afin que nous puissions am\u00e9liorer notre service.\",\"breadcrumb\":{\"@id\":\"https:\/\/unitedinfrastructure-phoenix.com\/fr\/formulaire-devaluation-apres-renovation\/#breadcrumb\"},\"inLanguage\":\"fr-FR\",\"potentialAction\":[{\"@type\":\"ReadAction\",\"target\":[\"https:\/\/unitedinfrastructure-phoenix.com\/fr\/formulaire-devaluation-apres-renovation\/\"]}]},{\"@type\":\"BreadcrumbList\",\"@id\":\"https:\/\/unitedinfrastructure-phoenix.com\/fr\/formulaire-devaluation-apres-renovation\/#breadcrumb\",\"itemListElement\":[{\"@type\":\"ListItem\",\"position\":1,\"name\":\"Home\",\"item\":\"https:\/\/unitedinfrastructure-phoenix.com\/fr\/\"},{\"@type\":\"ListItem\",\"position\":2,\"name\":\"Formulaire d&#8217;\u00e9valuation apr\u00e8s r\u00e9novation\"}]},{\"@type\":\"WebSite\",\"@id\":\"https:\/\/unitedinfrastructure-phoenix.com\/fr\/#website\",\"url\":\"https:\/\/unitedinfrastructure-phoenix.com\/fr\/\",\"name\":\"Phoenix\",\"description\":\"Creating a connected, sustainable future\",\"publisher\":{\"@id\":\"https:\/\/unitedinfrastructure-phoenix.com\/fr\/#organization\"},\"potentialAction\":[{\"@type\":\"SearchAction\",\"target\":{\"@type\":\"EntryPoint\",\"urlTemplate\":\"https:\/\/unitedinfrastructure-phoenix.com\/fr\/?s={search_term_string}\"},\"query-input\":{\"@type\":\"PropertyValueSpecification\",\"valueRequired\":true,\"valueName\":\"search_term_string\"}}],\"inLanguage\":\"fr-FR\"},{\"@type\":\"Organization\",\"@id\":\"https:\/\/unitedinfrastructure-phoenix.com\/fr\/#organization\",\"name\":\"Phoenix\",\"url\":\"https:\/\/unitedinfrastructure-phoenix.com\/fr\/\",\"logo\":{\"@type\":\"ImageObject\",\"inLanguage\":\"fr-FR\",\"@id\":\"https:\/\/unitedinfrastructure-phoenix.com\/fr\/#\/schema\/logo\/image\/\",\"url\":\"https:\/\/unitedinfrastructure-phoenix.com\/wp-content\/uploads\/sites\/9\/2025\/11\/cropped-ul-phoenix.png\",\"contentUrl\":\"https:\/\/unitedinfrastructure-phoenix.com\/wp-content\/uploads\/sites\/9\/2025\/11\/cropped-ul-phoenix.png\",\"width\":1246,\"height\":236,\"caption\":\"Phoenix\"},\"image\":{\"@id\":\"https:\/\/unitedinfrastructure-phoenix.com\/fr\/#\/schema\/logo\/image\/\"}}]}<\/script>\n<!-- \/ Yoast SEO plugin. -->","yoast_head_json":{"title":"\u00c9valuation apr\u00e8s modernisation - Hub R\u00e9sident SNG","description":"Prenez le temps de nous faire part de vos commentaires sur votre exp\u00e9rience en mati\u00e8re de modernisation afin que nous puissions am\u00e9liorer notre service.","robots":{"index":"index","follow":"follow","max-snippet":"max-snippet:-1","max-image-preview":"max-image-preview:large","max-video-preview":"max-video-preview:-1"},"canonical":"https:\/\/unitedinfrastructure-phoenix.com\/fr\/formulaire-devaluation-apres-renovation\/","og_locale":"fr_FR","og_type":"article","og_title":"\u00c9valuation apr\u00e8s modernisation - Hub R\u00e9sident SNG","og_description":"Prenez le temps de nous faire part de vos commentaires sur votre exp\u00e9rience en mati\u00e8re de modernisation afin que nous puissions am\u00e9liorer notre service.","og_url":"https:\/\/unitedinfrastructure-phoenix.com\/fr\/formulaire-devaluation-apres-renovation\/","og_site_name":"Phoenix","article_modified_time":"2025-07-17T07:54:09+00:00","twitter_card":"summary_large_image","schema":{"@context":"https:\/\/schema.org","@graph":[{"@type":"WebPage","@id":"https:\/\/unitedinfrastructure-phoenix.com\/fr\/formulaire-devaluation-apres-renovation\/","url":"https:\/\/unitedinfrastructure-phoenix.com\/fr\/formulaire-devaluation-apres-renovation\/","name":"\u00c9valuation apr\u00e8s modernisation - Hub R\u00e9sident SNG","isPartOf":{"@id":"https:\/\/unitedinfrastructure-phoenix.com\/fr\/#website"},"datePublished":"2025-05-07T09:34:27+00:00","dateModified":"2025-07-17T07:54:09+00:00","description":"Prenez le temps de nous faire part de vos commentaires sur votre exp\u00e9rience en mati\u00e8re de modernisation afin que nous puissions am\u00e9liorer notre service.","breadcrumb":{"@id":"https:\/\/unitedinfrastructure-phoenix.com\/fr\/formulaire-devaluation-apres-renovation\/#breadcrumb"},"inLanguage":"fr-FR","potentialAction":[{"@type":"ReadAction","target":["https:\/\/unitedinfrastructure-phoenix.com\/fr\/formulaire-devaluation-apres-renovation\/"]}]},{"@type":"BreadcrumbList","@id":"https:\/\/unitedinfrastructure-phoenix.com\/fr\/formulaire-devaluation-apres-renovation\/#breadcrumb","itemListElement":[{"@type":"ListItem","position":1,"name":"Home","item":"https:\/\/unitedinfrastructure-phoenix.com\/fr\/"},{"@type":"ListItem","position":2,"name":"Formulaire d&#8217;\u00e9valuation apr\u00e8s r\u00e9novation"}]},{"@type":"WebSite","@id":"https:\/\/unitedinfrastructure-phoenix.com\/fr\/#website","url":"https:\/\/unitedinfrastructure-phoenix.com\/fr\/","name":"Phoenix","description":"Creating a connected, sustainable future","publisher":{"@id":"https:\/\/unitedinfrastructure-phoenix.com\/fr\/#organization"},"potentialAction":[{"@type":"SearchAction","target":{"@type":"EntryPoint","urlTemplate":"https:\/\/unitedinfrastructure-phoenix.com\/fr\/?s={search_term_string}"},"query-input":{"@type":"PropertyValueSpecification","valueRequired":true,"valueName":"search_term_string"}}],"inLanguage":"fr-FR"},{"@type":"Organization","@id":"https:\/\/unitedinfrastructure-phoenix.com\/fr\/#organization","name":"Phoenix","url":"https:\/\/unitedinfrastructure-phoenix.com\/fr\/","logo":{"@type":"ImageObject","inLanguage":"fr-FR","@id":"https:\/\/unitedinfrastructure-phoenix.com\/fr\/#\/schema\/logo\/image\/","url":"https:\/\/unitedinfrastructure-phoenix.com\/wp-content\/uploads\/sites\/9\/2025\/11\/cropped-ul-phoenix.png","contentUrl":"https:\/\/unitedinfrastructure-phoenix.com\/wp-content\/uploads\/sites\/9\/2025\/11\/cropped-ul-phoenix.png","width":1246,"height":236,"caption":"Phoenix"},"image":{"@id":"https:\/\/unitedinfrastructure-phoenix.com\/fr\/#\/schema\/logo\/image\/"}}]}},"_links":{"self":[{"href":"https:\/\/unitedinfrastructure-phoenix.com\/fr\/wp-json\/wp\/v2\/pages\/30506","targetHints":{"allow":["GET"]}}],"collection":[{"href":"https:\/\/unitedinfrastructure-phoenix.com\/fr\/wp-json\/wp\/v2\/pages"}],"about":[{"href":"https:\/\/unitedinfrastructure-phoenix.com\/fr\/wp-json\/wp\/v2\/types\/page"}],"author":[{"embeddable":true,"href":"https:\/\/unitedinfrastructure-phoenix.com\/fr\/wp-json\/wp\/v2\/users\/1"}],"replies":[{"embeddable":true,"href":"https:\/\/unitedinfrastructure-phoenix.com\/fr\/wp-json\/wp\/v2\/comments?post=30506"}],"version-history":[{"count":1,"href":"https:\/\/unitedinfrastructure-phoenix.com\/fr\/wp-json\/wp\/v2\/pages\/30506\/revisions"}],"predecessor-version":[{"id":30647,"href":"https:\/\/unitedinfrastructure-phoenix.com\/fr\/wp-json\/wp\/v2\/pages\/30506\/revisions\/30647"}],"wp:attachment":[{"href":"https:\/\/unitedinfrastructure-phoenix.com\/fr\/wp-json\/wp\/v2\/media?parent=30506"}],"wp:term":[{"taxonomy":"folder","embeddable":true,"href":"https:\/\/unitedinfrastructure-phoenix.com\/fr\/wp-json\/wp\/v2\/folder?post=30506"}],"curies":[{"name":"wp","href":"https:\/\/api.w.org\/{rel}","templated":true}]}}