{"id":30314,"date":"2025-06-19T15:25:26","date_gmt":"2025-06-19T14:25:26","guid":{"rendered":"https:\/\/unitedliving.co.uk\/phoenix\/rencontrez-lequipe\/"},"modified":"2025-11-25T07:49:56","modified_gmt":"2025-11-25T07:49:56","slug":"rencontrez-lequipe","status":"publish","type":"page","link":"https:\/\/unitedinfrastructure-phoenix.com\/fr\/rencontrez-lequipe\/","title":{"rendered":"Rencontrez l&rsquo;\u00e9quipe"},"content":{"rendered":"","protected":false},"excerpt":{"rendered":"","protected":false},"author":2,"featured_media":0,"parent":0,"menu_order":0,"comment_status":"closed","ping_status":"closed","template":"","meta":{"_acf_changed":false,"inline_featured_image":false,"footnotes":""},"folder":[],"class_list":["post-30314","page","type-page","status-publish","hentry"],"acf":[],"yoast_head":"<!-- This site is optimized with the Yoast SEO plugin v27.2 - https:\/\/yoast.com\/product\/yoast-seo-wordpress\/ -->\n<title>Rencontrez l&#039;\u00e9quipe - Phoenix Resident Hub<\/title>\n<meta name=\"description\" content=\"Notre \u00e9quipe est \u00e0 vos c\u00f4t\u00e9s pendant toute la dur\u00e9e de vos travaux de r\u00e9novation et se tient \u00e0 votre disposition pour r\u00e9pondre \u00e0 vos questions.\" \/>\n<meta name=\"robots\" content=\"index, follow, max-snippet:-1, max-image-preview:large, max-video-preview:-1\" \/>\n<link rel=\"canonical\" href=\"https:\/\/unitedinfrastructure-phoenix.com\/fr\/rencontrez-lequipe\/\" \/>\n<meta property=\"og:locale\" content=\"fr_FR\" \/>\n<meta property=\"og:type\" content=\"article\" \/>\n<meta property=\"og:title\" content=\"Rencontrez l&#039;\u00e9quipe - Phoenix Resident Hub\" \/>\n<meta property=\"og:description\" content=\"Notre \u00e9quipe est \u00e0 vos c\u00f4t\u00e9s pendant toute la dur\u00e9e de vos travaux de r\u00e9novation et se tient \u00e0 votre disposition pour r\u00e9pondre \u00e0 vos questions.\" \/>\n<meta property=\"og:url\" content=\"https:\/\/unitedinfrastructure-phoenix.com\/fr\/rencontrez-lequipe\/\" \/>\n<meta property=\"og:site_name\" content=\"Phoenix\" \/>\n<meta property=\"article:modified_time\" content=\"2025-11-25T07:49:56+00:00\" \/>\n<meta name=\"twitter:card\" content=\"summary_large_image\" \/>\n<script type=\"application\/ld+json\" class=\"yoast-schema-graph\">{\"@context\":\"https:\/\/schema.org\",\"@graph\":[{\"@type\":\"WebPage\",\"@id\":\"https:\/\/unitedinfrastructure-phoenix.com\/fr\/rencontrez-lequipe\/\",\"url\":\"https:\/\/unitedinfrastructure-phoenix.com\/fr\/rencontrez-lequipe\/\",\"name\":\"Rencontrez l'\u00e9quipe - Phoenix Resident Hub\",\"isPartOf\":{\"@id\":\"https:\/\/unitedinfrastructure-phoenix.com\/fr\/#website\"},\"datePublished\":\"2025-06-19T14:25:26+00:00\",\"dateModified\":\"2025-11-25T07:49:56+00:00\",\"description\":\"Notre \u00e9quipe est \u00e0 vos c\u00f4t\u00e9s pendant toute la dur\u00e9e de vos travaux de r\u00e9novation et se tient \u00e0 votre disposition pour r\u00e9pondre \u00e0 vos questions.\",\"breadcrumb\":{\"@id\":\"https:\/\/unitedinfrastructure-phoenix.com\/fr\/rencontrez-lequipe\/#breadcrumb\"},\"inLanguage\":\"fr-FR\",\"potentialAction\":[{\"@type\":\"ReadAction\",\"target\":[\"https:\/\/unitedinfrastructure-phoenix.com\/fr\/rencontrez-lequipe\/\"]}]},{\"@type\":\"BreadcrumbList\",\"@id\":\"https:\/\/unitedinfrastructure-phoenix.com\/fr\/rencontrez-lequipe\/#breadcrumb\",\"itemListElement\":[{\"@type\":\"ListItem\",\"position\":1,\"name\":\"Home\",\"item\":\"https:\/\/unitedinfrastructure-phoenix.com\/fr\/\"},{\"@type\":\"ListItem\",\"position\":2,\"name\":\"Rencontrez l&#8217;\u00e9quipe\"}]},{\"@type\":\"WebSite\",\"@id\":\"https:\/\/unitedinfrastructure-phoenix.com\/fr\/#website\",\"url\":\"https:\/\/unitedinfrastructure-phoenix.com\/fr\/\",\"name\":\"Phoenix\",\"description\":\"Creating a connected, sustainable future\",\"publisher\":{\"@id\":\"https:\/\/unitedinfrastructure-phoenix.com\/fr\/#organization\"},\"potentialAction\":[{\"@type\":\"SearchAction\",\"target\":{\"@type\":\"EntryPoint\",\"urlTemplate\":\"https:\/\/unitedinfrastructure-phoenix.com\/fr\/?s={search_term_string}\"},\"query-input\":{\"@type\":\"PropertyValueSpecification\",\"valueRequired\":true,\"valueName\":\"search_term_string\"}}],\"inLanguage\":\"fr-FR\"},{\"@type\":\"Organization\",\"@id\":\"https:\/\/unitedinfrastructure-phoenix.com\/fr\/#organization\",\"name\":\"Phoenix\",\"url\":\"https:\/\/unitedinfrastructure-phoenix.com\/fr\/\",\"logo\":{\"@type\":\"ImageObject\",\"inLanguage\":\"fr-FR\",\"@id\":\"https:\/\/unitedinfrastructure-phoenix.com\/fr\/#\/schema\/logo\/image\/\",\"url\":\"https:\/\/unitedinfrastructure-phoenix.com\/wp-content\/uploads\/sites\/9\/2025\/11\/cropped-ul-phoenix.png\",\"contentUrl\":\"https:\/\/unitedinfrastructure-phoenix.com\/wp-content\/uploads\/sites\/9\/2025\/11\/cropped-ul-phoenix.png\",\"width\":1246,\"height\":236,\"caption\":\"Phoenix\"},\"image\":{\"@id\":\"https:\/\/unitedinfrastructure-phoenix.com\/fr\/#\/schema\/logo\/image\/\"}}]}<\/script>\n<!-- \/ Yoast SEO plugin. -->","yoast_head_json":{"title":"Rencontrez l'\u00e9quipe - Phoenix Resident Hub","description":"Notre \u00e9quipe est \u00e0 vos c\u00f4t\u00e9s pendant toute la dur\u00e9e de vos travaux de r\u00e9novation et se tient \u00e0 votre disposition pour r\u00e9pondre \u00e0 vos questions.","robots":{"index":"index","follow":"follow","max-snippet":"max-snippet:-1","max-image-preview":"max-image-preview:large","max-video-preview":"max-video-preview:-1"},"canonical":"https:\/\/unitedinfrastructure-phoenix.com\/fr\/rencontrez-lequipe\/","og_locale":"fr_FR","og_type":"article","og_title":"Rencontrez l'\u00e9quipe - Phoenix Resident Hub","og_description":"Notre \u00e9quipe est \u00e0 vos c\u00f4t\u00e9s pendant toute la dur\u00e9e de vos travaux de r\u00e9novation et se tient \u00e0 votre disposition pour r\u00e9pondre \u00e0 vos questions.","og_url":"https:\/\/unitedinfrastructure-phoenix.com\/fr\/rencontrez-lequipe\/","og_site_name":"Phoenix","article_modified_time":"2025-11-25T07:49:56+00:00","twitter_card":"summary_large_image","schema":{"@context":"https:\/\/schema.org","@graph":[{"@type":"WebPage","@id":"https:\/\/unitedinfrastructure-phoenix.com\/fr\/rencontrez-lequipe\/","url":"https:\/\/unitedinfrastructure-phoenix.com\/fr\/rencontrez-lequipe\/","name":"Rencontrez l'\u00e9quipe - Phoenix Resident Hub","isPartOf":{"@id":"https:\/\/unitedinfrastructure-phoenix.com\/fr\/#website"},"datePublished":"2025-06-19T14:25:26+00:00","dateModified":"2025-11-25T07:49:56+00:00","description":"Notre \u00e9quipe est \u00e0 vos c\u00f4t\u00e9s pendant toute la dur\u00e9e de vos travaux de r\u00e9novation et se tient \u00e0 votre disposition pour r\u00e9pondre \u00e0 vos questions.","breadcrumb":{"@id":"https:\/\/unitedinfrastructure-phoenix.com\/fr\/rencontrez-lequipe\/#breadcrumb"},"inLanguage":"fr-FR","potentialAction":[{"@type":"ReadAction","target":["https:\/\/unitedinfrastructure-phoenix.com\/fr\/rencontrez-lequipe\/"]}]},{"@type":"BreadcrumbList","@id":"https:\/\/unitedinfrastructure-phoenix.com\/fr\/rencontrez-lequipe\/#breadcrumb","itemListElement":[{"@type":"ListItem","position":1,"name":"Home","item":"https:\/\/unitedinfrastructure-phoenix.com\/fr\/"},{"@type":"ListItem","position":2,"name":"Rencontrez l&#8217;\u00e9quipe"}]},{"@type":"WebSite","@id":"https:\/\/unitedinfrastructure-phoenix.com\/fr\/#website","url":"https:\/\/unitedinfrastructure-phoenix.com\/fr\/","name":"Phoenix","description":"Creating a connected, sustainable future","publisher":{"@id":"https:\/\/unitedinfrastructure-phoenix.com\/fr\/#organization"},"potentialAction":[{"@type":"SearchAction","target":{"@type":"EntryPoint","urlTemplate":"https:\/\/unitedinfrastructure-phoenix.com\/fr\/?s={search_term_string}"},"query-input":{"@type":"PropertyValueSpecification","valueRequired":true,"valueName":"search_term_string"}}],"inLanguage":"fr-FR"},{"@type":"Organization","@id":"https:\/\/unitedinfrastructure-phoenix.com\/fr\/#organization","name":"Phoenix","url":"https:\/\/unitedinfrastructure-phoenix.com\/fr\/","logo":{"@type":"ImageObject","inLanguage":"fr-FR","@id":"https:\/\/unitedinfrastructure-phoenix.com\/fr\/#\/schema\/logo\/image\/","url":"https:\/\/unitedinfrastructure-phoenix.com\/wp-content\/uploads\/sites\/9\/2025\/11\/cropped-ul-phoenix.png","contentUrl":"https:\/\/unitedinfrastructure-phoenix.com\/wp-content\/uploads\/sites\/9\/2025\/11\/cropped-ul-phoenix.png","width":1246,"height":236,"caption":"Phoenix"},"image":{"@id":"https:\/\/unitedinfrastructure-phoenix.com\/fr\/#\/schema\/logo\/image\/"}}]}},"_links":{"self":[{"href":"https:\/\/unitedinfrastructure-phoenix.com\/fr\/wp-json\/wp\/v2\/pages\/30314","targetHints":{"allow":["GET"]}}],"collection":[{"href":"https:\/\/unitedinfrastructure-phoenix.com\/fr\/wp-json\/wp\/v2\/pages"}],"about":[{"href":"https:\/\/unitedinfrastructure-phoenix.com\/fr\/wp-json\/wp\/v2\/types\/page"}],"author":[{"embeddable":true,"href":"https:\/\/unitedinfrastructure-phoenix.com\/fr\/wp-json\/wp\/v2\/users\/2"}],"replies":[{"embeddable":true,"href":"https:\/\/unitedinfrastructure-phoenix.com\/fr\/wp-json\/wp\/v2\/comments?post=30314"}],"version-history":[{"count":1,"href":"https:\/\/unitedinfrastructure-phoenix.com\/fr\/wp-json\/wp\/v2\/pages\/30314\/revisions"}],"predecessor-version":[{"id":30663,"href":"https:\/\/unitedinfrastructure-phoenix.com\/fr\/wp-json\/wp\/v2\/pages\/30314\/revisions\/30663"}],"wp:attachment":[{"href":"https:\/\/unitedinfrastructure-phoenix.com\/fr\/wp-json\/wp\/v2\/media?parent=30314"}],"wp:term":[{"taxonomy":"folder","embeddable":true,"href":"https:\/\/unitedinfrastructure-phoenix.com\/fr\/wp-json\/wp\/v2\/folder?post=30314"}],"curies":[{"name":"wp","href":"https:\/\/api.w.org\/{rel}","templated":true}]}}