{"id":30272,"date":"2023-11-23T10:16:03","date_gmt":"2023-11-23T10:16:03","guid":{"rendered":"https:\/\/unitedliving.co.uk\/phoenix\/a-propos-de-nous\/"},"modified":"2025-11-25T07:54:07","modified_gmt":"2025-11-25T07:54:07","slug":"a-propos-de-nous","status":"publish","type":"page","link":"https:\/\/unitedinfrastructure-phoenix.com\/fr\/a-propos-de-nous\/","title":{"rendered":"A propos de nous"},"content":{"rendered":"","protected":false},"excerpt":{"rendered":"","protected":false},"author":1,"featured_media":0,"parent":0,"menu_order":0,"comment_status":"closed","ping_status":"closed","template":"","meta":{"_acf_changed":false,"inline_featured_image":false,"footnotes":""},"folder":[],"class_list":["post-30272","page","type-page","status-publish","hentry"],"acf":[],"yoast_head":"<!-- This site is optimized with the Yoast SEO plugin v27.2 - https:\/\/yoast.com\/product\/yoast-seo-wordpress\/ -->\n<title>\u00c0 propos de nous - Phoenix Resident Hub<\/title>\n<meta name=\"description\" content=\"United Infrastructure revitalise les habitations et les communaut\u00e9s en r\u00e9g\u00e9n\u00e9rant les espaces de vie et en redonnant vie aux quartiers locaux.\" \/>\n<meta name=\"robots\" content=\"index, follow, max-snippet:-1, max-image-preview:large, max-video-preview:-1\" \/>\n<link rel=\"canonical\" href=\"https:\/\/unitedinfrastructure-phoenix.com\/fr\/a-propos-de-nous\/\" \/>\n<meta property=\"og:locale\" content=\"fr_FR\" \/>\n<meta property=\"og:type\" content=\"article\" \/>\n<meta property=\"og:title\" content=\"\u00c0 propos de nous - Phoenix Resident Hub\" \/>\n<meta property=\"og:description\" content=\"United Infrastructure revitalise les habitations et les communaut\u00e9s en r\u00e9g\u00e9n\u00e9rant les espaces de vie et en redonnant vie aux quartiers locaux.\" \/>\n<meta property=\"og:url\" content=\"https:\/\/unitedinfrastructure-phoenix.com\/fr\/a-propos-de-nous\/\" \/>\n<meta property=\"og:site_name\" content=\"Phoenix\" \/>\n<meta property=\"article:modified_time\" content=\"2025-11-25T07:54:07+00:00\" \/>\n<meta name=\"twitter:card\" content=\"summary_large_image\" \/>\n<meta name=\"twitter:label1\" content=\"Dur\u00e9e de lecture estim\u00e9e\" \/>\n\t<meta name=\"twitter:data1\" content=\"7 minutes\" \/>\n<script type=\"application\/ld+json\" class=\"yoast-schema-graph\">{\"@context\":\"https:\/\/schema.org\",\"@graph\":[{\"@type\":\"WebPage\",\"@id\":\"https:\/\/unitedinfrastructure-phoenix.com\/fr\/a-propos-de-nous\/\",\"url\":\"https:\/\/unitedinfrastructure-phoenix.com\/fr\/a-propos-de-nous\/\",\"name\":\"\u00c0 propos de nous - Phoenix Resident Hub\",\"isPartOf\":{\"@id\":\"https:\/\/unitedinfrastructure-phoenix.com\/fr\/#website\"},\"datePublished\":\"2023-11-23T10:16:03+00:00\",\"dateModified\":\"2025-11-25T07:54:07+00:00\",\"description\":\"United Infrastructure revitalise les habitations et les communaut\u00e9s en r\u00e9g\u00e9n\u00e9rant les espaces de vie et en redonnant vie aux quartiers locaux.\",\"breadcrumb\":{\"@id\":\"https:\/\/unitedinfrastructure-phoenix.com\/fr\/a-propos-de-nous\/#breadcrumb\"},\"inLanguage\":\"fr-FR\",\"potentialAction\":[{\"@type\":\"ReadAction\",\"target\":[\"https:\/\/unitedinfrastructure-phoenix.com\/fr\/a-propos-de-nous\/\"]}]},{\"@type\":\"BreadcrumbList\",\"@id\":\"https:\/\/unitedinfrastructure-phoenix.com\/fr\/a-propos-de-nous\/#breadcrumb\",\"itemListElement\":[{\"@type\":\"ListItem\",\"position\":1,\"name\":\"Home\",\"item\":\"https:\/\/unitedinfrastructure-phoenix.com\/fr\/\"},{\"@type\":\"ListItem\",\"position\":2,\"name\":\"A propos de nous\"}]},{\"@type\":\"WebSite\",\"@id\":\"https:\/\/unitedinfrastructure-phoenix.com\/fr\/#website\",\"url\":\"https:\/\/unitedinfrastructure-phoenix.com\/fr\/\",\"name\":\"Phoenix\",\"description\":\"Creating a connected, sustainable future\",\"publisher\":{\"@id\":\"https:\/\/unitedinfrastructure-phoenix.com\/fr\/#organization\"},\"potentialAction\":[{\"@type\":\"SearchAction\",\"target\":{\"@type\":\"EntryPoint\",\"urlTemplate\":\"https:\/\/unitedinfrastructure-phoenix.com\/fr\/?s={search_term_string}\"},\"query-input\":{\"@type\":\"PropertyValueSpecification\",\"valueRequired\":true,\"valueName\":\"search_term_string\"}}],\"inLanguage\":\"fr-FR\"},{\"@type\":\"Organization\",\"@id\":\"https:\/\/unitedinfrastructure-phoenix.com\/fr\/#organization\",\"name\":\"Phoenix\",\"url\":\"https:\/\/unitedinfrastructure-phoenix.com\/fr\/\",\"logo\":{\"@type\":\"ImageObject\",\"inLanguage\":\"fr-FR\",\"@id\":\"https:\/\/unitedinfrastructure-phoenix.com\/fr\/#\/schema\/logo\/image\/\",\"url\":\"https:\/\/unitedinfrastructure-phoenix.com\/wp-content\/uploads\/sites\/9\/2025\/11\/cropped-ul-phoenix.png\",\"contentUrl\":\"https:\/\/unitedinfrastructure-phoenix.com\/wp-content\/uploads\/sites\/9\/2025\/11\/cropped-ul-phoenix.png\",\"width\":1246,\"height\":236,\"caption\":\"Phoenix\"},\"image\":{\"@id\":\"https:\/\/unitedinfrastructure-phoenix.com\/fr\/#\/schema\/logo\/image\/\"}}]}<\/script>\n<!-- \/ Yoast SEO plugin. -->","yoast_head_json":{"title":"\u00c0 propos de nous - Phoenix Resident Hub","description":"United Infrastructure revitalise les habitations et les communaut\u00e9s en r\u00e9g\u00e9n\u00e9rant les espaces de vie et en redonnant vie aux quartiers locaux.","robots":{"index":"index","follow":"follow","max-snippet":"max-snippet:-1","max-image-preview":"max-image-preview:large","max-video-preview":"max-video-preview:-1"},"canonical":"https:\/\/unitedinfrastructure-phoenix.com\/fr\/a-propos-de-nous\/","og_locale":"fr_FR","og_type":"article","og_title":"\u00c0 propos de nous - Phoenix Resident Hub","og_description":"United Infrastructure revitalise les habitations et les communaut\u00e9s en r\u00e9g\u00e9n\u00e9rant les espaces de vie et en redonnant vie aux quartiers locaux.","og_url":"https:\/\/unitedinfrastructure-phoenix.com\/fr\/a-propos-de-nous\/","og_site_name":"Phoenix","article_modified_time":"2025-11-25T07:54:07+00:00","twitter_card":"summary_large_image","twitter_misc":{"Dur\u00e9e de lecture estim\u00e9e":"7 minutes"},"schema":{"@context":"https:\/\/schema.org","@graph":[{"@type":"WebPage","@id":"https:\/\/unitedinfrastructure-phoenix.com\/fr\/a-propos-de-nous\/","url":"https:\/\/unitedinfrastructure-phoenix.com\/fr\/a-propos-de-nous\/","name":"\u00c0 propos de nous - Phoenix Resident Hub","isPartOf":{"@id":"https:\/\/unitedinfrastructure-phoenix.com\/fr\/#website"},"datePublished":"2023-11-23T10:16:03+00:00","dateModified":"2025-11-25T07:54:07+00:00","description":"United Infrastructure revitalise les habitations et les communaut\u00e9s en r\u00e9g\u00e9n\u00e9rant les espaces de vie et en redonnant vie aux quartiers locaux.","breadcrumb":{"@id":"https:\/\/unitedinfrastructure-phoenix.com\/fr\/a-propos-de-nous\/#breadcrumb"},"inLanguage":"fr-FR","potentialAction":[{"@type":"ReadAction","target":["https:\/\/unitedinfrastructure-phoenix.com\/fr\/a-propos-de-nous\/"]}]},{"@type":"BreadcrumbList","@id":"https:\/\/unitedinfrastructure-phoenix.com\/fr\/a-propos-de-nous\/#breadcrumb","itemListElement":[{"@type":"ListItem","position":1,"name":"Home","item":"https:\/\/unitedinfrastructure-phoenix.com\/fr\/"},{"@type":"ListItem","position":2,"name":"A propos de nous"}]},{"@type":"WebSite","@id":"https:\/\/unitedinfrastructure-phoenix.com\/fr\/#website","url":"https:\/\/unitedinfrastructure-phoenix.com\/fr\/","name":"Phoenix","description":"Creating a connected, sustainable future","publisher":{"@id":"https:\/\/unitedinfrastructure-phoenix.com\/fr\/#organization"},"potentialAction":[{"@type":"SearchAction","target":{"@type":"EntryPoint","urlTemplate":"https:\/\/unitedinfrastructure-phoenix.com\/fr\/?s={search_term_string}"},"query-input":{"@type":"PropertyValueSpecification","valueRequired":true,"valueName":"search_term_string"}}],"inLanguage":"fr-FR"},{"@type":"Organization","@id":"https:\/\/unitedinfrastructure-phoenix.com\/fr\/#organization","name":"Phoenix","url":"https:\/\/unitedinfrastructure-phoenix.com\/fr\/","logo":{"@type":"ImageObject","inLanguage":"fr-FR","@id":"https:\/\/unitedinfrastructure-phoenix.com\/fr\/#\/schema\/logo\/image\/","url":"https:\/\/unitedinfrastructure-phoenix.com\/wp-content\/uploads\/sites\/9\/2025\/11\/cropped-ul-phoenix.png","contentUrl":"https:\/\/unitedinfrastructure-phoenix.com\/wp-content\/uploads\/sites\/9\/2025\/11\/cropped-ul-phoenix.png","width":1246,"height":236,"caption":"Phoenix"},"image":{"@id":"https:\/\/unitedinfrastructure-phoenix.com\/fr\/#\/schema\/logo\/image\/"}}]}},"_links":{"self":[{"href":"https:\/\/unitedinfrastructure-phoenix.com\/fr\/wp-json\/wp\/v2\/pages\/30272","targetHints":{"allow":["GET"]}}],"collection":[{"href":"https:\/\/unitedinfrastructure-phoenix.com\/fr\/wp-json\/wp\/v2\/pages"}],"about":[{"href":"https:\/\/unitedinfrastructure-phoenix.com\/fr\/wp-json\/wp\/v2\/types\/page"}],"author":[{"embeddable":true,"href":"https:\/\/unitedinfrastructure-phoenix.com\/fr\/wp-json\/wp\/v2\/users\/1"}],"replies":[{"embeddable":true,"href":"https:\/\/unitedinfrastructure-phoenix.com\/fr\/wp-json\/wp\/v2\/comments?post=30272"}],"version-history":[{"count":3,"href":"https:\/\/unitedinfrastructure-phoenix.com\/fr\/wp-json\/wp\/v2\/pages\/30272\/revisions"}],"predecessor-version":[{"id":30298,"href":"https:\/\/unitedinfrastructure-phoenix.com\/fr\/wp-json\/wp\/v2\/pages\/30272\/revisions\/30298"}],"wp:attachment":[{"href":"https:\/\/unitedinfrastructure-phoenix.com\/fr\/wp-json\/wp\/v2\/media?parent=30272"}],"wp:term":[{"taxonomy":"folder","embeddable":true,"href":"https:\/\/unitedinfrastructure-phoenix.com\/fr\/wp-json\/wp\/v2\/folder?post=30272"}],"curies":[{"name":"wp","href":"https:\/\/api.w.org\/{rel}","templated":true}]}}