{"id":30264,"date":"2023-10-31T14:08:46","date_gmt":"2023-10-31T14:08:46","guid":{"rendered":"https:\/\/unitedliving.co.uk\/phoenix\/contactez-nous\/"},"modified":"2025-11-25T07:59:50","modified_gmt":"2025-11-25T07:59:50","slug":"contactez-nous","status":"publish","type":"page","link":"https:\/\/unitedinfrastructure-phoenix.com\/fr\/contactez-nous\/","title":{"rendered":"Contactez nous"},"content":{"rendered":"","protected":false},"excerpt":{"rendered":"","protected":false},"author":1,"featured_media":0,"parent":0,"menu_order":0,"comment_status":"closed","ping_status":"closed","template":"","meta":{"_acf_changed":false,"inline_featured_image":false,"footnotes":""},"folder":[],"class_list":["post-30264","page","type-page","status-publish","hentry"],"acf":[],"yoast_head":"<!-- This site is optimized with the Yoast SEO plugin v27.2 - https:\/\/yoast.com\/product\/yoast-seo-wordpress\/ -->\n<title>Contactez l&#039;\u00e9quipe Phoenix<\/title>\n<meta name=\"description\" content=\"Contactez nos \u00e9quipes pour toute demande de renseignements ici. Cliquez ici pour trouver nos coordonn\u00e9es.\" \/>\n<meta name=\"robots\" content=\"index, follow, max-snippet:-1, max-image-preview:large, max-video-preview:-1\" \/>\n<link rel=\"canonical\" href=\"https:\/\/unitedinfrastructure-phoenix.com\/fr\/contactez-nous\/\" \/>\n<meta property=\"og:locale\" content=\"fr_FR\" \/>\n<meta property=\"og:type\" content=\"article\" \/>\n<meta property=\"og:title\" content=\"Contactez l&#039;\u00e9quipe Phoenix\" \/>\n<meta property=\"og:description\" content=\"Contactez nos \u00e9quipes pour toute demande de renseignements ici. Cliquez ici pour trouver nos coordonn\u00e9es.\" \/>\n<meta property=\"og:url\" content=\"https:\/\/unitedinfrastructure-phoenix.com\/fr\/contactez-nous\/\" \/>\n<meta property=\"og:site_name\" content=\"Phoenix\" \/>\n<meta property=\"article:modified_time\" content=\"2025-11-25T07:59:50+00:00\" \/>\n<meta name=\"twitter:card\" content=\"summary_large_image\" \/>\n<script type=\"application\/ld+json\" class=\"yoast-schema-graph\">{\"@context\":\"https:\/\/schema.org\",\"@graph\":[{\"@type\":\"WebPage\",\"@id\":\"https:\/\/unitedinfrastructure-phoenix.com\/fr\/contactez-nous\/\",\"url\":\"https:\/\/unitedinfrastructure-phoenix.com\/fr\/contactez-nous\/\",\"name\":\"Contactez l'\u00e9quipe Phoenix\",\"isPartOf\":{\"@id\":\"https:\/\/unitedinfrastructure-phoenix.com\/fr\/#website\"},\"datePublished\":\"2023-10-31T14:08:46+00:00\",\"dateModified\":\"2025-11-25T07:59:50+00:00\",\"description\":\"Contactez nos \u00e9quipes pour toute demande de renseignements ici. Cliquez ici pour trouver nos coordonn\u00e9es.\",\"breadcrumb\":{\"@id\":\"https:\/\/unitedinfrastructure-phoenix.com\/fr\/contactez-nous\/#breadcrumb\"},\"inLanguage\":\"fr-FR\",\"potentialAction\":[{\"@type\":\"ReadAction\",\"target\":[\"https:\/\/unitedinfrastructure-phoenix.com\/fr\/contactez-nous\/\"]}]},{\"@type\":\"BreadcrumbList\",\"@id\":\"https:\/\/unitedinfrastructure-phoenix.com\/fr\/contactez-nous\/#breadcrumb\",\"itemListElement\":[{\"@type\":\"ListItem\",\"position\":1,\"name\":\"Home\",\"item\":\"https:\/\/unitedinfrastructure-phoenix.com\/fr\/\"},{\"@type\":\"ListItem\",\"position\":2,\"name\":\"Contactez nous\"}]},{\"@type\":\"WebSite\",\"@id\":\"https:\/\/unitedinfrastructure-phoenix.com\/fr\/#website\",\"url\":\"https:\/\/unitedinfrastructure-phoenix.com\/fr\/\",\"name\":\"Phoenix\",\"description\":\"Creating a connected, sustainable future\",\"publisher\":{\"@id\":\"https:\/\/unitedinfrastructure-phoenix.com\/fr\/#organization\"},\"potentialAction\":[{\"@type\":\"SearchAction\",\"target\":{\"@type\":\"EntryPoint\",\"urlTemplate\":\"https:\/\/unitedinfrastructure-phoenix.com\/fr\/?s={search_term_string}\"},\"query-input\":{\"@type\":\"PropertyValueSpecification\",\"valueRequired\":true,\"valueName\":\"search_term_string\"}}],\"inLanguage\":\"fr-FR\"},{\"@type\":\"Organization\",\"@id\":\"https:\/\/unitedinfrastructure-phoenix.com\/fr\/#organization\",\"name\":\"Phoenix\",\"url\":\"https:\/\/unitedinfrastructure-phoenix.com\/fr\/\",\"logo\":{\"@type\":\"ImageObject\",\"inLanguage\":\"fr-FR\",\"@id\":\"https:\/\/unitedinfrastructure-phoenix.com\/fr\/#\/schema\/logo\/image\/\",\"url\":\"https:\/\/unitedinfrastructure-phoenix.com\/wp-content\/uploads\/sites\/9\/2025\/11\/cropped-ul-phoenix.png\",\"contentUrl\":\"https:\/\/unitedinfrastructure-phoenix.com\/wp-content\/uploads\/sites\/9\/2025\/11\/cropped-ul-phoenix.png\",\"width\":1246,\"height\":236,\"caption\":\"Phoenix\"},\"image\":{\"@id\":\"https:\/\/unitedinfrastructure-phoenix.com\/fr\/#\/schema\/logo\/image\/\"}}]}<\/script>\n<!-- \/ Yoast SEO plugin. -->","yoast_head_json":{"title":"Contactez l'\u00e9quipe Phoenix","description":"Contactez nos \u00e9quipes pour toute demande de renseignements ici. Cliquez ici pour trouver nos coordonn\u00e9es.","robots":{"index":"index","follow":"follow","max-snippet":"max-snippet:-1","max-image-preview":"max-image-preview:large","max-video-preview":"max-video-preview:-1"},"canonical":"https:\/\/unitedinfrastructure-phoenix.com\/fr\/contactez-nous\/","og_locale":"fr_FR","og_type":"article","og_title":"Contactez l'\u00e9quipe Phoenix","og_description":"Contactez nos \u00e9quipes pour toute demande de renseignements ici. Cliquez ici pour trouver nos coordonn\u00e9es.","og_url":"https:\/\/unitedinfrastructure-phoenix.com\/fr\/contactez-nous\/","og_site_name":"Phoenix","article_modified_time":"2025-11-25T07:59:50+00:00","twitter_card":"summary_large_image","schema":{"@context":"https:\/\/schema.org","@graph":[{"@type":"WebPage","@id":"https:\/\/unitedinfrastructure-phoenix.com\/fr\/contactez-nous\/","url":"https:\/\/unitedinfrastructure-phoenix.com\/fr\/contactez-nous\/","name":"Contactez l'\u00e9quipe Phoenix","isPartOf":{"@id":"https:\/\/unitedinfrastructure-phoenix.com\/fr\/#website"},"datePublished":"2023-10-31T14:08:46+00:00","dateModified":"2025-11-25T07:59:50+00:00","description":"Contactez nos \u00e9quipes pour toute demande de renseignements ici. Cliquez ici pour trouver nos coordonn\u00e9es.","breadcrumb":{"@id":"https:\/\/unitedinfrastructure-phoenix.com\/fr\/contactez-nous\/#breadcrumb"},"inLanguage":"fr-FR","potentialAction":[{"@type":"ReadAction","target":["https:\/\/unitedinfrastructure-phoenix.com\/fr\/contactez-nous\/"]}]},{"@type":"BreadcrumbList","@id":"https:\/\/unitedinfrastructure-phoenix.com\/fr\/contactez-nous\/#breadcrumb","itemListElement":[{"@type":"ListItem","position":1,"name":"Home","item":"https:\/\/unitedinfrastructure-phoenix.com\/fr\/"},{"@type":"ListItem","position":2,"name":"Contactez nous"}]},{"@type":"WebSite","@id":"https:\/\/unitedinfrastructure-phoenix.com\/fr\/#website","url":"https:\/\/unitedinfrastructure-phoenix.com\/fr\/","name":"Phoenix","description":"Creating a connected, sustainable future","publisher":{"@id":"https:\/\/unitedinfrastructure-phoenix.com\/fr\/#organization"},"potentialAction":[{"@type":"SearchAction","target":{"@type":"EntryPoint","urlTemplate":"https:\/\/unitedinfrastructure-phoenix.com\/fr\/?s={search_term_string}"},"query-input":{"@type":"PropertyValueSpecification","valueRequired":true,"valueName":"search_term_string"}}],"inLanguage":"fr-FR"},{"@type":"Organization","@id":"https:\/\/unitedinfrastructure-phoenix.com\/fr\/#organization","name":"Phoenix","url":"https:\/\/unitedinfrastructure-phoenix.com\/fr\/","logo":{"@type":"ImageObject","inLanguage":"fr-FR","@id":"https:\/\/unitedinfrastructure-phoenix.com\/fr\/#\/schema\/logo\/image\/","url":"https:\/\/unitedinfrastructure-phoenix.com\/wp-content\/uploads\/sites\/9\/2025\/11\/cropped-ul-phoenix.png","contentUrl":"https:\/\/unitedinfrastructure-phoenix.com\/wp-content\/uploads\/sites\/9\/2025\/11\/cropped-ul-phoenix.png","width":1246,"height":236,"caption":"Phoenix"},"image":{"@id":"https:\/\/unitedinfrastructure-phoenix.com\/fr\/#\/schema\/logo\/image\/"}}]}},"_links":{"self":[{"href":"https:\/\/unitedinfrastructure-phoenix.com\/fr\/wp-json\/wp\/v2\/pages\/30264","targetHints":{"allow":["GET"]}}],"collection":[{"href":"https:\/\/unitedinfrastructure-phoenix.com\/fr\/wp-json\/wp\/v2\/pages"}],"about":[{"href":"https:\/\/unitedinfrastructure-phoenix.com\/fr\/wp-json\/wp\/v2\/types\/page"}],"author":[{"embeddable":true,"href":"https:\/\/unitedinfrastructure-phoenix.com\/fr\/wp-json\/wp\/v2\/users\/1"}],"replies":[{"embeddable":true,"href":"https:\/\/unitedinfrastructure-phoenix.com\/fr\/wp-json\/wp\/v2\/comments?post=30264"}],"version-history":[{"count":1,"href":"https:\/\/unitedinfrastructure-phoenix.com\/fr\/wp-json\/wp\/v2\/pages\/30264\/revisions"}],"predecessor-version":[{"id":30266,"href":"https:\/\/unitedinfrastructure-phoenix.com\/fr\/wp-json\/wp\/v2\/pages\/30264\/revisions\/30266"}],"wp:attachment":[{"href":"https:\/\/unitedinfrastructure-phoenix.com\/fr\/wp-json\/wp\/v2\/media?parent=30264"}],"wp:term":[{"taxonomy":"folder","embeddable":true,"href":"https:\/\/unitedinfrastructure-phoenix.com\/fr\/wp-json\/wp\/v2\/folder?post=30264"}],"curies":[{"name":"wp","href":"https:\/\/api.w.org\/{rel}","templated":true}]}}